{"id":7844,"date":"2025-06-17T11:01:51","date_gmt":"2025-06-17T11:01:51","guid":{"rendered":"https:\/\/deltajudge.com\/producto\/landyard"},"modified":"2025-06-23T09:48:53","modified_gmt":"2025-06-23T09:48:53","slug":"landyard","status":"publish","type":"product","link":"https:\/\/deltajudge.com\/pt-pt\/producto\/landyard","title":{"rendered":"Landyard"},"content":{"rendered":"","protected":false},"excerpt":{"rendered":"<p>O lanyard oficial Delta Judge combina funcionalidade e estilo para manter as tuas acredita\u00e7\u00f5es e cart\u00f5es sempre \u00e0 m\u00e3o durante os teus eventos e competi\u00e7\u00f5es. Fabricado com materiais resistentes e duradouros, oferece um ajuste confort\u00e1vel e seguro, perfeito para profissionais e ju\u00edzes que procuram praticidade e qualidade.<\/p>\n","protected":false},"featured_media":7788,"comment_status":"open","ping_status":"closed","template":"","meta":{"site-sidebar-layout":"default","site-content-layout":"","ast-site-content-layout":"default","site-content-style":"default","site-sidebar-style":"default","ast-global-header-display":"","ast-banner-title-visibility":"","ast-main-header-display":"","ast-hfb-above-header-display":"","ast-hfb-below-header-display":"","ast-hfb-mobile-header-display":"","site-post-title":"","ast-breadcrumbs-content":"","ast-featured-img":"","footer-sml-layout":"","ast-disable-related-posts":"","theme-transparent-header-meta":"default","adv-header-id-meta":"","stick-header-meta":"","header-above-stick-meta":"","header-main-stick-meta":"","header-below-stick-meta":"","astra-migrate-meta-layouts":"set","ast-page-background-enabled":"default","ast-page-background-meta":{"desktop":{"background-color":"var(--ast-global-color-4)","background-image":"","background-repeat":"repeat","background-position":"center center","background-size":"auto","background-attachment":"scroll","background-type":"","background-media":"","overlay-type":"","overlay-color":"","overlay-opacity":"","overlay-gradient":""},"tablet":{"background-color":"","background-image":"","background-repeat":"repeat","background-position":"center center","background-size":"auto","background-attachment":"scroll","background-type":"","background-media":"","overlay-type":"","overlay-color":"","overlay-opacity":"","overlay-gradient":""},"mobile":{"background-color":"","background-image":"","background-repeat":"repeat","background-position":"center center","background-size":"auto","background-attachment":"scroll","background-type":"","background-media":"","overlay-type":"","overlay-color":"","overlay-opacity":"","overlay-gradient":""}},"ast-content-background-meta":{"desktop":{"background-color":"var(--ast-global-color-5)","background-image":"","background-repeat":"repeat","background-position":"center center","background-size":"auto","background-attachment":"scroll","background-type":"","background-media":"","overlay-type":"","overlay-color":"","overlay-opacity":"","overlay-gradient":""},"tablet":{"background-color":"var(--ast-global-color-5)","background-image":"","background-repeat":"repeat","background-position":"center center","background-size":"auto","background-attachment":"scroll","background-type":"","background-media":"","overlay-type":"","overlay-color":"","overlay-opacity":"","overlay-gradient":""},"mobile":{"background-color":"var(--ast-global-color-5)","background-image":"","background-repeat":"repeat","background-position":"center center","background-size":"auto","background-attachment":"scroll","background-type":"","background-media":"","overlay-type":"","overlay-color":"","overlay-opacity":"","overlay-gradient":""}}},"product_brand":[53],"product_cat":[95,99],"product_tag":[],"class_list":{"0":"post-7844","1":"product","2":"type-product","3":"status-publish","4":"has-post-thumbnail","6":"product_brand-bordate","7":"product_cat-roupa","8":"product_cat-unissexo","9":"desktop-align-left","10":"tablet-align-left","11":"mobile-align-left","13":"first","14":"instock","15":"taxable","16":"shipping-taxable","17":"purchasable","18":"product-type-simple"},"yoast_head":"<!-- This site is optimized with the Yoast SEO plugin v27.5 - https:\/\/yoast.com\/product\/yoast-seo-wordpress\/ -->\n<title>Landyard - Delta Judge<\/title>\n<meta name=\"robots\" content=\"index, follow, max-snippet:-1, max-image-preview:large, max-video-preview:-1\" \/>\n<link rel=\"canonical\" href=\"https:\/\/deltajudge.com\/pt-pt\/producto\/landyard\" \/>\n<meta property=\"og:locale\" content=\"pt_PT\" \/>\n<meta property=\"og:type\" content=\"article\" \/>\n<meta property=\"og:title\" content=\"Landyard - Delta Judge\" \/>\n<meta property=\"og:description\" content=\"O lanyard oficial Delta Judge combina funcionalidade e estilo para manter as tuas acredita\u00e7\u00f5es e cart\u00f5es sempre \u00e0 m\u00e3o durante os teus eventos e competi\u00e7\u00f5es. Fabricado com materiais resistentes e duradouros, oferece um ajuste confort\u00e1vel e seguro, perfeito para profissionais e ju\u00edzes que procuram praticidade e qualidade.\" \/>\n<meta property=\"og:url\" content=\"https:\/\/deltajudge.com\/pt-pt\/producto\/landyard\" \/>\n<meta property=\"og:site_name\" content=\"Delta Judge\" \/>\n<meta property=\"article:modified_time\" content=\"2025-06-23T09:48:53+00:00\" \/>\n<meta property=\"og:image\" content=\"https:\/\/deltajudge.com\/wp-content\/uploads\/2025\/06\/Landyard-oficial-Delta-Judge.jpg\" \/>\n\t<meta property=\"og:image:width\" content=\"1414\" \/>\n\t<meta property=\"og:image:height\" content=\"2000\" \/>\n\t<meta property=\"og:image:type\" content=\"image\/jpeg\" \/>\n<meta name=\"twitter:card\" content=\"summary_large_image\" \/>\n<meta name=\"twitter:label1\" content=\"Tempo estimado de leitura\" \/>\n\t<meta name=\"twitter:data1\" content=\"1 minuto\" \/>\n<script type=\"application\/ld+json\" class=\"yoast-schema-graph\">{\"@context\":\"https:\\\/\\\/schema.org\",\"@graph\":[{\"@type\":\"WebPage\",\"@id\":\"https:\\\/\\\/deltajudge.com\\\/pt-pt\\\/producto\\\/landyard\",\"url\":\"https:\\\/\\\/deltajudge.com\\\/pt-pt\\\/producto\\\/landyard\",\"name\":\"Landyard - Delta Judge\",\"isPartOf\":{\"@id\":\"https:\\\/\\\/deltajudge.com\\\/fr\\\/#website\"},\"primaryImageOfPage\":{\"@id\":\"https:\\\/\\\/deltajudge.com\\\/pt-pt\\\/producto\\\/landyard#primaryimage\"},\"image\":{\"@id\":\"https:\\\/\\\/deltajudge.com\\\/pt-pt\\\/producto\\\/landyard#primaryimage\"},\"thumbnailUrl\":\"https:\\\/\\\/deltajudge.com\\\/wp-content\\\/uploads\\\/2025\\\/06\\\/Landyard-oficial-Delta-Judge.jpg\",\"datePublished\":\"2025-06-17T11:01:51+00:00\",\"dateModified\":\"2025-06-23T09:48:53+00:00\",\"breadcrumb\":{\"@id\":\"https:\\\/\\\/deltajudge.com\\\/pt-pt\\\/producto\\\/landyard#breadcrumb\"},\"inLanguage\":\"pt-PT\",\"potentialAction\":[{\"@type\":\"ReadAction\",\"target\":[\"https:\\\/\\\/deltajudge.com\\\/pt-pt\\\/producto\\\/landyard\"]}]},{\"@type\":\"ImageObject\",\"inLanguage\":\"pt-PT\",\"@id\":\"https:\\\/\\\/deltajudge.com\\\/pt-pt\\\/producto\\\/landyard#primaryimage\",\"url\":\"https:\\\/\\\/deltajudge.com\\\/wp-content\\\/uploads\\\/2025\\\/06\\\/Landyard-oficial-Delta-Judge.jpg\",\"contentUrl\":\"https:\\\/\\\/deltajudge.com\\\/wp-content\\\/uploads\\\/2025\\\/06\\\/Landyard-oficial-Delta-Judge.jpg\",\"width\":1414,\"height\":2000,\"caption\":\"Landyard oficial Delta Judge\"},{\"@type\":\"BreadcrumbList\",\"@id\":\"https:\\\/\\\/deltajudge.com\\\/pt-pt\\\/producto\\\/landyard#breadcrumb\",\"itemListElement\":[{\"@type\":\"ListItem\",\"position\":1,\"name\":\"Home\",\"item\":\"https:\\\/\\\/deltajudge.com\\\/\"},{\"@type\":\"ListItem\",\"position\":2,\"name\":\"Compra\",\"item\":\"https:\\\/\\\/deltajudge.com\\\/pt-pt\\\/compra\"},{\"@type\":\"ListItem\",\"position\":3,\"name\":\"Landyard\"}]},{\"@type\":\"WebSite\",\"@id\":\"https:\\\/\\\/deltajudge.com\\\/fr\\\/#website\",\"url\":\"https:\\\/\\\/deltajudge.com\\\/fr\\\/\",\"name\":\"Delta Judge\",\"description\":\"\u00a1Queremos que tu competici\u00f3n sea exitosa! NOSOTROS SOMOS TU EQUIPO DE JUECES\",\"potentialAction\":[{\"@type\":\"SearchAction\",\"target\":{\"@type\":\"EntryPoint\",\"urlTemplate\":\"https:\\\/\\\/deltajudge.com\\\/fr\\\/?s={search_term_string}\"},\"query-input\":{\"@type\":\"PropertyValueSpecification\",\"valueRequired\":true,\"valueName\":\"search_term_string\"}}],\"inLanguage\":\"pt-PT\"}]}<\/script>\n<!-- \/ Yoast SEO plugin. -->","yoast_head_json":{"title":"Landyard - Delta Judge","robots":{"index":"index","follow":"follow","max-snippet":"max-snippet:-1","max-image-preview":"max-image-preview:large","max-video-preview":"max-video-preview:-1"},"canonical":"https:\/\/deltajudge.com\/pt-pt\/producto\/landyard","og_locale":"pt_PT","og_type":"article","og_title":"Landyard - Delta Judge","og_description":"O lanyard oficial Delta Judge combina funcionalidade e estilo para manter as tuas acredita\u00e7\u00f5es e cart\u00f5es sempre \u00e0 m\u00e3o durante os teus eventos e competi\u00e7\u00f5es. Fabricado com materiais resistentes e duradouros, oferece um ajuste confort\u00e1vel e seguro, perfeito para profissionais e ju\u00edzes que procuram praticidade e qualidade.","og_url":"https:\/\/deltajudge.com\/pt-pt\/producto\/landyard","og_site_name":"Delta Judge","article_modified_time":"2025-06-23T09:48:53+00:00","og_image":[{"width":1414,"height":2000,"url":"https:\/\/deltajudge.com\/wp-content\/uploads\/2025\/06\/Landyard-oficial-Delta-Judge.jpg","type":"image\/jpeg"}],"twitter_card":"summary_large_image","twitter_misc":{"Tempo estimado de leitura":"1 minuto"},"schema":{"@context":"https:\/\/schema.org","@graph":[{"@type":"WebPage","@id":"https:\/\/deltajudge.com\/pt-pt\/producto\/landyard","url":"https:\/\/deltajudge.com\/pt-pt\/producto\/landyard","name":"Landyard - Delta Judge","isPartOf":{"@id":"https:\/\/deltajudge.com\/fr\/#website"},"primaryImageOfPage":{"@id":"https:\/\/deltajudge.com\/pt-pt\/producto\/landyard#primaryimage"},"image":{"@id":"https:\/\/deltajudge.com\/pt-pt\/producto\/landyard#primaryimage"},"thumbnailUrl":"https:\/\/deltajudge.com\/wp-content\/uploads\/2025\/06\/Landyard-oficial-Delta-Judge.jpg","datePublished":"2025-06-17T11:01:51+00:00","dateModified":"2025-06-23T09:48:53+00:00","breadcrumb":{"@id":"https:\/\/deltajudge.com\/pt-pt\/producto\/landyard#breadcrumb"},"inLanguage":"pt-PT","potentialAction":[{"@type":"ReadAction","target":["https:\/\/deltajudge.com\/pt-pt\/producto\/landyard"]}]},{"@type":"ImageObject","inLanguage":"pt-PT","@id":"https:\/\/deltajudge.com\/pt-pt\/producto\/landyard#primaryimage","url":"https:\/\/deltajudge.com\/wp-content\/uploads\/2025\/06\/Landyard-oficial-Delta-Judge.jpg","contentUrl":"https:\/\/deltajudge.com\/wp-content\/uploads\/2025\/06\/Landyard-oficial-Delta-Judge.jpg","width":1414,"height":2000,"caption":"Landyard oficial Delta Judge"},{"@type":"BreadcrumbList","@id":"https:\/\/deltajudge.com\/pt-pt\/producto\/landyard#breadcrumb","itemListElement":[{"@type":"ListItem","position":1,"name":"Home","item":"https:\/\/deltajudge.com\/"},{"@type":"ListItem","position":2,"name":"Compra","item":"https:\/\/deltajudge.com\/pt-pt\/compra"},{"@type":"ListItem","position":3,"name":"Landyard"}]},{"@type":"WebSite","@id":"https:\/\/deltajudge.com\/fr\/#website","url":"https:\/\/deltajudge.com\/fr\/","name":"Delta Judge","description":"\u00a1Queremos que tu competici\u00f3n sea exitosa! NOSOTROS SOMOS TU EQUIPO DE JUECES","potentialAction":[{"@type":"SearchAction","target":{"@type":"EntryPoint","urlTemplate":"https:\/\/deltajudge.com\/fr\/?s={search_term_string}"},"query-input":{"@type":"PropertyValueSpecification","valueRequired":true,"valueName":"search_term_string"}}],"inLanguage":"pt-PT"}]}},"_links":{"self":[{"href":"https:\/\/deltajudge.com\/pt-pt\/wp-json\/wp\/v2\/product\/7844","targetHints":{"allow":["GET"]}}],"collection":[{"href":"https:\/\/deltajudge.com\/pt-pt\/wp-json\/wp\/v2\/product"}],"about":[{"href":"https:\/\/deltajudge.com\/pt-pt\/wp-json\/wp\/v2\/types\/product"}],"replies":[{"embeddable":true,"href":"https:\/\/deltajudge.com\/pt-pt\/wp-json\/wp\/v2\/comments?post=7844"}],"version-history":[{"count":1,"href":"https:\/\/deltajudge.com\/pt-pt\/wp-json\/wp\/v2\/product\/7844\/revisions"}],"predecessor-version":[{"id":7942,"href":"https:\/\/deltajudge.com\/pt-pt\/wp-json\/wp\/v2\/product\/7844\/revisions\/7942"}],"wp:featuredmedia":[{"embeddable":true,"href":"https:\/\/deltajudge.com\/pt-pt\/wp-json\/wp\/v2\/media\/7788"}],"wp:attachment":[{"href":"https:\/\/deltajudge.com\/pt-pt\/wp-json\/wp\/v2\/media?parent=7844"}],"wp:term":[{"taxonomy":"product_brand","embeddable":true,"href":"https:\/\/deltajudge.com\/pt-pt\/wp-json\/wp\/v2\/product_brand?post=7844"},{"taxonomy":"product_cat","embeddable":true,"href":"https:\/\/deltajudge.com\/pt-pt\/wp-json\/wp\/v2\/product_cat?post=7844"},{"taxonomy":"product_tag","embeddable":true,"href":"https:\/\/deltajudge.com\/pt-pt\/wp-json\/wp\/v2\/product_tag?post=7844"}],"curies":[{"name":"wp","href":"https:\/\/api.w.org\/{rel}","templated":true}]}}