{"id":7823,"date":"2025-06-17T10:59:22","date_gmt":"2025-06-17T10:59:22","guid":{"rendered":"https:\/\/deltajudge.com\/producto\/t-shirt-de-tamanho-grande-para-homem"},"modified":"2025-06-25T16:08:39","modified_gmt":"2025-06-25T16:08:39","slug":"t-shirt-de-tamanho-grande-para-homem","status":"publish","type":"product","link":"https:\/\/deltajudge.com\/pt-pt\/producto\/t-shirt-de-tamanho-grande-para-homem","title":{"rendered":"Oversize Homem"},"content":{"rendered":"","protected":false},"excerpt":{"rendered":"<p>Concebida para um conforto descontra\u00eddo e um estilo moderno, esta T-shirt oversize \u00e9 perfeita para usar no dia a dia ou para combinar com o teu look desportivo favorito.<\/p>\n<p>Tem o log\u00f3tipo Delta desenhado em linha fina nas costas, o que lhe confere um detalhe \u00fanico e discreto.<\/p>\n","protected":false},"featured_media":7543,"comment_status":"open","ping_status":"closed","template":"","meta":{"site-sidebar-layout":"default","site-content-layout":"","ast-site-content-layout":"default","site-content-style":"default","site-sidebar-style":"default","ast-global-header-display":"","ast-banner-title-visibility":"","ast-main-header-display":"","ast-hfb-above-header-display":"","ast-hfb-below-header-display":"","ast-hfb-mobile-header-display":"","site-post-title":"","ast-breadcrumbs-content":"","ast-featured-img":"","footer-sml-layout":"","ast-disable-related-posts":"","theme-transparent-header-meta":"default","adv-header-id-meta":"","stick-header-meta":"","header-above-stick-meta":"","header-main-stick-meta":"","header-below-stick-meta":"","astra-migrate-meta-layouts":"set","ast-page-background-enabled":"default","ast-page-background-meta":{"desktop":{"background-color":"var(--ast-global-color-4)","background-image":"","background-repeat":"repeat","background-position":"center center","background-size":"auto","background-attachment":"scroll","background-type":"","background-media":"","overlay-type":"","overlay-color":"","overlay-opacity":"","overlay-gradient":""},"tablet":{"background-color":"","background-image":"","background-repeat":"repeat","background-position":"center center","background-size":"auto","background-attachment":"scroll","background-type":"","background-media":"","overlay-type":"","overlay-color":"","overlay-opacity":"","overlay-gradient":""},"mobile":{"background-color":"","background-image":"","background-repeat":"repeat","background-position":"center center","background-size":"auto","background-attachment":"scroll","background-type":"","background-media":"","overlay-type":"","overlay-color":"","overlay-opacity":"","overlay-gradient":""}},"ast-content-background-meta":{"desktop":{"background-color":"var(--ast-global-color-5)","background-image":"","background-repeat":"repeat","background-position":"center center","background-size":"auto","background-attachment":"scroll","background-type":"","background-media":"","overlay-type":"","overlay-color":"","overlay-opacity":"","overlay-gradient":""},"tablet":{"background-color":"var(--ast-global-color-5)","background-image":"","background-repeat":"repeat","background-position":"center center","background-size":"auto","background-attachment":"scroll","background-type":"","background-media":"","overlay-type":"","overlay-color":"","overlay-opacity":"","overlay-gradient":""},"mobile":{"background-color":"var(--ast-global-color-5)","background-image":"","background-repeat":"repeat","background-position":"center center","background-size":"auto","background-attachment":"scroll","background-type":"","background-media":"","overlay-type":"","overlay-color":"","overlay-opacity":"","overlay-gradient":""}}},"product_brand":[51],"product_cat":[94,95],"product_tag":[],"class_list":{"0":"post-7823","1":"product","2":"type-product","3":"status-publish","4":"has-post-thumbnail","6":"product_brand-patapalo","7":"product_cat-homem-pt-pt","8":"product_cat-roupa","9":"desktop-align-left","10":"tablet-align-left","11":"mobile-align-left","13":"first","14":"instock","15":"taxable","16":"shipping-taxable","17":"purchasable","18":"product-type-variable"},"yoast_head":"<!-- This site is optimized with the Yoast SEO plugin v27.5 - https:\/\/yoast.com\/product\/yoast-seo-wordpress\/ -->\n<title>Oversize Homem - Delta Judge<\/title>\n<meta name=\"robots\" content=\"index, follow, max-snippet:-1, max-image-preview:large, max-video-preview:-1\" \/>\n<link rel=\"canonical\" href=\"https:\/\/deltajudge.com\/pt-pt\/producto\/t-shirt-de-tamanho-grande-para-homem\" \/>\n<meta property=\"og:locale\" content=\"pt_PT\" \/>\n<meta property=\"og:type\" content=\"article\" \/>\n<meta property=\"og:title\" content=\"Oversize Homem - Delta Judge\" \/>\n<meta property=\"og:description\" content=\"Concebida para um conforto descontra\u00eddo e um estilo moderno, esta T-shirt oversize \u00e9 perfeita para usar no dia a dia ou para combinar com o teu look desportivo favorito.  Tem o log\u00f3tipo Delta desenhado em linha fina nas costas, o que lhe confere um detalhe \u00fanico e discreto.\" \/>\n<meta property=\"og:url\" content=\"https:\/\/deltajudge.com\/pt-pt\/producto\/t-shirt-de-tamanho-grande-para-homem\" \/>\n<meta property=\"og:site_name\" content=\"Delta Judge\" \/>\n<meta property=\"article:modified_time\" content=\"2025-06-25T16:08:39+00:00\" \/>\n<meta property=\"og:image\" content=\"https:\/\/deltajudge.com\/wp-content\/uploads\/2025\/06\/Camiseta-Oversize-Hombre.jpg\" \/>\n\t<meta property=\"og:image:width\" content=\"1414\" \/>\n\t<meta property=\"og:image:height\" content=\"2000\" \/>\n\t<meta property=\"og:image:type\" content=\"image\/jpeg\" \/>\n<meta name=\"twitter:card\" content=\"summary_large_image\" \/>\n<meta name=\"twitter:label1\" content=\"Tempo estimado de leitura\" \/>\n\t<meta name=\"twitter:data1\" content=\"1 minuto\" \/>\n<script type=\"application\/ld+json\" class=\"yoast-schema-graph\">{\"@context\":\"https:\\\/\\\/schema.org\",\"@graph\":[{\"@type\":\"WebPage\",\"@id\":\"https:\\\/\\\/deltajudge.com\\\/pt-pt\\\/producto\\\/t-shirt-de-tamanho-grande-para-homem\",\"url\":\"https:\\\/\\\/deltajudge.com\\\/pt-pt\\\/producto\\\/t-shirt-de-tamanho-grande-para-homem\",\"name\":\"Oversize Homem - Delta Judge\",\"isPartOf\":{\"@id\":\"https:\\\/\\\/deltajudge.com\\\/fr\\\/#website\"},\"primaryImageOfPage\":{\"@id\":\"https:\\\/\\\/deltajudge.com\\\/pt-pt\\\/producto\\\/t-shirt-de-tamanho-grande-para-homem#primaryimage\"},\"image\":{\"@id\":\"https:\\\/\\\/deltajudge.com\\\/pt-pt\\\/producto\\\/t-shirt-de-tamanho-grande-para-homem#primaryimage\"},\"thumbnailUrl\":\"https:\\\/\\\/deltajudge.com\\\/wp-content\\\/uploads\\\/2025\\\/06\\\/Camiseta-Oversize-Hombre.jpg\",\"datePublished\":\"2025-06-17T10:59:22+00:00\",\"dateModified\":\"2025-06-25T16:08:39+00:00\",\"breadcrumb\":{\"@id\":\"https:\\\/\\\/deltajudge.com\\\/pt-pt\\\/producto\\\/t-shirt-de-tamanho-grande-para-homem#breadcrumb\"},\"inLanguage\":\"pt-PT\",\"potentialAction\":[{\"@type\":\"ReadAction\",\"target\":[\"https:\\\/\\\/deltajudge.com\\\/pt-pt\\\/producto\\\/t-shirt-de-tamanho-grande-para-homem\"]}]},{\"@type\":\"ImageObject\",\"inLanguage\":\"pt-PT\",\"@id\":\"https:\\\/\\\/deltajudge.com\\\/pt-pt\\\/producto\\\/t-shirt-de-tamanho-grande-para-homem#primaryimage\",\"url\":\"https:\\\/\\\/deltajudge.com\\\/wp-content\\\/uploads\\\/2025\\\/06\\\/Camiseta-Oversize-Hombre.jpg\",\"contentUrl\":\"https:\\\/\\\/deltajudge.com\\\/wp-content\\\/uploads\\\/2025\\\/06\\\/Camiseta-Oversize-Hombre.jpg\",\"width\":1414,\"height\":2000,\"caption\":\"Camiseta Oversize hombre patapalo\"},{\"@type\":\"BreadcrumbList\",\"@id\":\"https:\\\/\\\/deltajudge.com\\\/pt-pt\\\/producto\\\/t-shirt-de-tamanho-grande-para-homem#breadcrumb\",\"itemListElement\":[{\"@type\":\"ListItem\",\"position\":1,\"name\":\"Home\",\"item\":\"https:\\\/\\\/deltajudge.com\\\/\"},{\"@type\":\"ListItem\",\"position\":2,\"name\":\"Compra\",\"item\":\"https:\\\/\\\/deltajudge.com\\\/pt-pt\\\/compra\"},{\"@type\":\"ListItem\",\"position\":3,\"name\":\"Oversize Homem\"}]},{\"@type\":\"WebSite\",\"@id\":\"https:\\\/\\\/deltajudge.com\\\/fr\\\/#website\",\"url\":\"https:\\\/\\\/deltajudge.com\\\/fr\\\/\",\"name\":\"Delta Judge\",\"description\":\"\u00a1Queremos que tu competici\u00f3n sea exitosa! NOSOTROS SOMOS TU EQUIPO DE JUECES\",\"potentialAction\":[{\"@type\":\"SearchAction\",\"target\":{\"@type\":\"EntryPoint\",\"urlTemplate\":\"https:\\\/\\\/deltajudge.com\\\/fr\\\/?s={search_term_string}\"},\"query-input\":{\"@type\":\"PropertyValueSpecification\",\"valueRequired\":true,\"valueName\":\"search_term_string\"}}],\"inLanguage\":\"pt-PT\"}]}<\/script>\n<!-- \/ Yoast SEO plugin. -->","yoast_head_json":{"title":"Oversize Homem - Delta Judge","robots":{"index":"index","follow":"follow","max-snippet":"max-snippet:-1","max-image-preview":"max-image-preview:large","max-video-preview":"max-video-preview:-1"},"canonical":"https:\/\/deltajudge.com\/pt-pt\/producto\/t-shirt-de-tamanho-grande-para-homem","og_locale":"pt_PT","og_type":"article","og_title":"Oversize Homem - Delta Judge","og_description":"Concebida para um conforto descontra\u00eddo e um estilo moderno, esta T-shirt oversize \u00e9 perfeita para usar no dia a dia ou para combinar com o teu look desportivo favorito.  Tem o log\u00f3tipo Delta desenhado em linha fina nas costas, o que lhe confere um detalhe \u00fanico e discreto.","og_url":"https:\/\/deltajudge.com\/pt-pt\/producto\/t-shirt-de-tamanho-grande-para-homem","og_site_name":"Delta Judge","article_modified_time":"2025-06-25T16:08:39+00:00","og_image":[{"width":1414,"height":2000,"url":"https:\/\/deltajudge.com\/wp-content\/uploads\/2025\/06\/Camiseta-Oversize-Hombre.jpg","type":"image\/jpeg"}],"twitter_card":"summary_large_image","twitter_misc":{"Tempo estimado de leitura":"1 minuto"},"schema":{"@context":"https:\/\/schema.org","@graph":[{"@type":"WebPage","@id":"https:\/\/deltajudge.com\/pt-pt\/producto\/t-shirt-de-tamanho-grande-para-homem","url":"https:\/\/deltajudge.com\/pt-pt\/producto\/t-shirt-de-tamanho-grande-para-homem","name":"Oversize Homem - Delta Judge","isPartOf":{"@id":"https:\/\/deltajudge.com\/fr\/#website"},"primaryImageOfPage":{"@id":"https:\/\/deltajudge.com\/pt-pt\/producto\/t-shirt-de-tamanho-grande-para-homem#primaryimage"},"image":{"@id":"https:\/\/deltajudge.com\/pt-pt\/producto\/t-shirt-de-tamanho-grande-para-homem#primaryimage"},"thumbnailUrl":"https:\/\/deltajudge.com\/wp-content\/uploads\/2025\/06\/Camiseta-Oversize-Hombre.jpg","datePublished":"2025-06-17T10:59:22+00:00","dateModified":"2025-06-25T16:08:39+00:00","breadcrumb":{"@id":"https:\/\/deltajudge.com\/pt-pt\/producto\/t-shirt-de-tamanho-grande-para-homem#breadcrumb"},"inLanguage":"pt-PT","potentialAction":[{"@type":"ReadAction","target":["https:\/\/deltajudge.com\/pt-pt\/producto\/t-shirt-de-tamanho-grande-para-homem"]}]},{"@type":"ImageObject","inLanguage":"pt-PT","@id":"https:\/\/deltajudge.com\/pt-pt\/producto\/t-shirt-de-tamanho-grande-para-homem#primaryimage","url":"https:\/\/deltajudge.com\/wp-content\/uploads\/2025\/06\/Camiseta-Oversize-Hombre.jpg","contentUrl":"https:\/\/deltajudge.com\/wp-content\/uploads\/2025\/06\/Camiseta-Oversize-Hombre.jpg","width":1414,"height":2000,"caption":"Camiseta Oversize hombre patapalo"},{"@type":"BreadcrumbList","@id":"https:\/\/deltajudge.com\/pt-pt\/producto\/t-shirt-de-tamanho-grande-para-homem#breadcrumb","itemListElement":[{"@type":"ListItem","position":1,"name":"Home","item":"https:\/\/deltajudge.com\/"},{"@type":"ListItem","position":2,"name":"Compra","item":"https:\/\/deltajudge.com\/pt-pt\/compra"},{"@type":"ListItem","position":3,"name":"Oversize Homem"}]},{"@type":"WebSite","@id":"https:\/\/deltajudge.com\/fr\/#website","url":"https:\/\/deltajudge.com\/fr\/","name":"Delta Judge","description":"\u00a1Queremos que tu competici\u00f3n sea exitosa! NOSOTROS SOMOS TU EQUIPO DE JUECES","potentialAction":[{"@type":"SearchAction","target":{"@type":"EntryPoint","urlTemplate":"https:\/\/deltajudge.com\/fr\/?s={search_term_string}"},"query-input":{"@type":"PropertyValueSpecification","valueRequired":true,"valueName":"search_term_string"}}],"inLanguage":"pt-PT"}]}},"_links":{"self":[{"href":"https:\/\/deltajudge.com\/pt-pt\/wp-json\/wp\/v2\/product\/7823","targetHints":{"allow":["GET"]}}],"collection":[{"href":"https:\/\/deltajudge.com\/pt-pt\/wp-json\/wp\/v2\/product"}],"about":[{"href":"https:\/\/deltajudge.com\/pt-pt\/wp-json\/wp\/v2\/types\/product"}],"replies":[{"embeddable":true,"href":"https:\/\/deltajudge.com\/pt-pt\/wp-json\/wp\/v2\/comments?post=7823"}],"version-history":[{"count":2,"href":"https:\/\/deltajudge.com\/pt-pt\/wp-json\/wp\/v2\/product\/7823\/revisions"}],"predecessor-version":[{"id":7955,"href":"https:\/\/deltajudge.com\/pt-pt\/wp-json\/wp\/v2\/product\/7823\/revisions\/7955"}],"wp:featuredmedia":[{"embeddable":true,"href":"https:\/\/deltajudge.com\/pt-pt\/wp-json\/wp\/v2\/media\/7543"}],"wp:attachment":[{"href":"https:\/\/deltajudge.com\/pt-pt\/wp-json\/wp\/v2\/media?parent=7823"}],"wp:term":[{"taxonomy":"product_brand","embeddable":true,"href":"https:\/\/deltajudge.com\/pt-pt\/wp-json\/wp\/v2\/product_brand?post=7823"},{"taxonomy":"product_cat","embeddable":true,"href":"https:\/\/deltajudge.com\/pt-pt\/wp-json\/wp\/v2\/product_cat?post=7823"},{"taxonomy":"product_tag","embeddable":true,"href":"https:\/\/deltajudge.com\/pt-pt\/wp-json\/wp\/v2\/product_tag?post=7823"}],"curies":[{"name":"wp","href":"https:\/\/api.w.org\/{rel}","templated":true}]}}