{"id":6831,"date":"2025-03-21T09:26:17","date_gmt":"2025-03-21T09:26:17","guid":{"rendered":"https:\/\/deltajudge.com\/producto\/juiz-de-nivel-1-6-de-dezembro-em-sevilha"},"modified":"2026-01-29T15:09:07","modified_gmt":"2026-01-29T15:09:07","slug":"juiz-de-nivel-1-6-de-dezembro-em-sevilha","status":"publish","type":"product","link":"https:\/\/deltajudge.com\/pt-pt\/producto\/juiz-de-nivel-1-6-de-dezembro-em-sevilha","title":{"rendered":"Juiz de N\u00edvel 1 &#8211; 25 de abril em \u00c1guilas, Murcia"},"content":{"rendered":"","protected":false},"excerpt":{"rendered":"<p><strong>Localiza\u00e7\u00e3o: <\/strong>Wave Fitness<\/p>\n<p><strong>Hor\u00e1rio:<\/strong> 11:30h \u00e0s 14:30h (intervalo) 15:30h \u00e0s 18:45h. (O hor\u00e1rio est\u00e1 sujeito a pequenas altera\u00e7\u00f5es)<\/p>\n<p><strong>O que \u00e9 que vais aprender?<\/strong><\/p>\n<ul>\n<li><span class=\"OYPEnA font-feature-liga-off font-feature-clig-off font-feature-calt-off text-decoration-none text-strikethrough-none\">Movimentos e normas<\/span><\/li>\n<li><span class=\"OYPEnA font-feature-liga-off font-feature-clig-off font-feature-calt-off text-decoration-none text-strikethrough-none\">Posicionamento e fun\u00e7\u00f5es dos ju\u00edzes<\/span><\/li>\n<li><span class=\"OYPEnA font-feature-liga-off font-feature-clig-off font-feature-calt-off text-decoration-none text-strikethrough-none\">Leitura do quadro de resultados<\/span><\/li>\n<li><span class=\"OYPEnA font-feature-liga-off font-feature-clig-off font-feature-calt-off text-decoration-none text-strikethrough-none\">Sinaliza\u00e7\u00e3o e comunica\u00e7\u00e3o eficaz com os atletas<\/span><\/li>\n<li><span class=\"OYPEnA font-feature-liga-off font-feature-clig-off font-feature-calt-off text-decoration-none text-strikethrough-none\">Pr\u00e1ticas na arena: tomada de decis\u00f5es sob press\u00e3o, gest\u00e3o de erros frequentes, gest\u00e3o emocional&#8230;<\/span><\/li>\n<\/ul>\n<h6><span class=\"OYPEnA font-feature-liga-off font-feature-clig-off font-feature-calt-off text-decoration-none text-strikethrough-none\">Inclui o pacote de boas-vindas e o diploma da Delta Judge Academy.<\/span><\/h6>\n<p>&nbsp;<\/p>\n<p><em><strong>Forma\u00e7\u00e3o exclusiva para ju\u00edzes Delta Judge.<\/strong><\/em><\/p>\n","protected":false},"featured_media":6818,"comment_status":"open","ping_status":"closed","template":"","meta":{"site-sidebar-layout":"no-sidebar","site-content-layout":"page-builder","ast-site-content-layout":"full-width-container","site-content-style":"default","site-sidebar-style":"default","ast-global-header-display":"","ast-banner-title-visibility":"","ast-main-header-display":"","ast-hfb-above-header-display":"","ast-hfb-below-header-display":"","ast-hfb-mobile-header-display":"","site-post-title":"disabled","ast-breadcrumbs-content":"","ast-featured-img":"disabled","footer-sml-layout":"","ast-disable-related-posts":"","theme-transparent-header-meta":"default","adv-header-id-meta":"","stick-header-meta":"","header-above-stick-meta":"","header-main-stick-meta":"","header-below-stick-meta":"","astra-migrate-meta-layouts":"set","ast-page-background-enabled":"default","ast-page-background-meta":{"desktop":{"background-color":"var(--ast-global-color-4)","background-image":"","background-repeat":"repeat","background-position":"center center","background-size":"auto","background-attachment":"scroll","background-type":"","background-media":"","overlay-type":"","overlay-color":"","overlay-opacity":"","overlay-gradient":""},"tablet":{"background-color":"","background-image":"","background-repeat":"repeat","background-position":"center center","background-size":"auto","background-attachment":"scroll","background-type":"","background-media":"","overlay-type":"","overlay-color":"","overlay-opacity":"","overlay-gradient":""},"mobile":{"background-color":"","background-image":"","background-repeat":"repeat","background-position":"center center","background-size":"auto","background-attachment":"scroll","background-type":"","background-media":"","overlay-type":"","overlay-color":"","overlay-opacity":"","overlay-gradient":""}},"ast-content-background-meta":{"desktop":{"background-color":"var(--ast-global-color-5)","background-image":"","background-repeat":"repeat","background-position":"center center","background-size":"auto","background-attachment":"scroll","background-type":"","background-media":"","overlay-type":"","overlay-color":"","overlay-opacity":"","overlay-gradient":""},"tablet":{"background-color":"var(--ast-global-color-5)","background-image":"","background-repeat":"repeat","background-position":"center center","background-size":"auto","background-attachment":"scroll","background-type":"","background-media":"","overlay-type":"","overlay-color":"","overlay-opacity":"","overlay-gradient":""},"mobile":{"background-color":"var(--ast-global-color-5)","background-image":"","background-repeat":"repeat","background-position":"center center","background-size":"auto","background-attachment":"scroll","background-type":"","background-media":"","overlay-type":"","overlay-color":"","overlay-opacity":"","overlay-gradient":""}}},"product_brand":[],"product_cat":[85],"product_tag":[],"class_list":{"0":"post-6831","1":"product","2":"type-product","3":"status-publish","4":"has-post-thumbnail","6":"product_cat-cursos-pt-pt-2","7":"desktop-align-left","8":"tablet-align-left","9":"mobile-align-left","11":"first","12":"instock","13":"taxable","14":"shipping-taxable","15":"purchasable","16":"product-type-variable"},"yoast_head":"<!-- This site is optimized with the Yoast SEO plugin v27.6 - https:\/\/yoast.com\/product\/yoast-seo-wordpress\/ -->\n<title>Juiz de N\u00edvel 1 - 25 de abril em \u00c1guilas, Murcia - Delta Judge<\/title>\n<meta name=\"robots\" content=\"index, follow, max-snippet:-1, max-image-preview:large, max-video-preview:-1\" \/>\n<link rel=\"canonical\" href=\"https:\/\/deltajudge.com\/pt-pt\/producto\/juiz-de-nivel-1-6-de-dezembro-em-sevilha\" \/>\n<meta property=\"og:locale\" content=\"pt_PT\" \/>\n<meta property=\"og:type\" content=\"article\" \/>\n<meta property=\"og:title\" content=\"Juiz de N\u00edvel 1 - 25 de abril em \u00c1guilas, Murcia - Delta Judge\" \/>\n<meta property=\"og:description\" content=\"Localiza\u00e7\u00e3o: Wave Fitness Hor\u00e1rio: 11:30h \u00e0s 14:30h (intervalo) 15:30h \u00e0s 18:45h. (O hor\u00e1rio est\u00e1 sujeito a pequenas altera\u00e7\u00f5es) O que \u00e9 que vais aprender?  Movimentos e normas  Posicionamento e fun\u00e7\u00f5es dos ju\u00edzes  Leitura do quadro de resultados  Sinaliza\u00e7\u00e3o e comunica\u00e7\u00e3o eficaz com os atletas  Pr\u00e1ticas na arena: tomada de decis\u00f5es sob press\u00e3o, gest\u00e3o de erros frequentes, gest\u00e3o emocional... Inclui o pacote de boas-vindas e o diploma da Delta Judge Academy. &nbsp; Forma\u00e7\u00e3o exclusiva para ju\u00edzes Delta Judge.\" \/>\n<meta property=\"og:url\" content=\"https:\/\/deltajudge.com\/pt-pt\/producto\/juiz-de-nivel-1-6-de-dezembro-em-sevilha\" \/>\n<meta property=\"og:site_name\" content=\"Delta Judge\" \/>\n<meta property=\"article:modified_time\" content=\"2026-01-29T15:09:07+00:00\" \/>\n<meta property=\"og:image\" content=\"https:\/\/deltajudge.com\/wp-content\/uploads\/2025\/03\/L1-Judge-Delta-Academy-Sevilla.jpg\" \/>\n\t<meta property=\"og:image:width\" content=\"1080\" \/>\n\t<meta property=\"og:image:height\" content=\"1350\" \/>\n\t<meta property=\"og:image:type\" content=\"image\/jpeg\" \/>\n<meta name=\"twitter:card\" content=\"summary_large_image\" \/>\n<meta name=\"twitter:label1\" content=\"Tempo estimado de leitura\" \/>\n\t<meta name=\"twitter:data1\" content=\"1 minuto\" \/>\n<script type=\"application\/ld+json\" class=\"yoast-schema-graph\">{\"@context\":\"https:\\\/\\\/schema.org\",\"@graph\":[{\"@type\":\"WebPage\",\"@id\":\"https:\\\/\\\/deltajudge.com\\\/pt-pt\\\/producto\\\/juiz-de-nivel-1-6-de-dezembro-em-sevilha\",\"url\":\"https:\\\/\\\/deltajudge.com\\\/pt-pt\\\/producto\\\/juiz-de-nivel-1-6-de-dezembro-em-sevilha\",\"name\":\"Juiz de N\u00edvel 1 - 25 de abril em \u00c1guilas, Murcia - Delta Judge\",\"isPartOf\":{\"@id\":\"https:\\\/\\\/deltajudge.com\\\/fr\\\/#website\"},\"primaryImageOfPage\":{\"@id\":\"https:\\\/\\\/deltajudge.com\\\/pt-pt\\\/producto\\\/juiz-de-nivel-1-6-de-dezembro-em-sevilha#primaryimage\"},\"image\":{\"@id\":\"https:\\\/\\\/deltajudge.com\\\/pt-pt\\\/producto\\\/juiz-de-nivel-1-6-de-dezembro-em-sevilha#primaryimage\"},\"thumbnailUrl\":\"https:\\\/\\\/deltajudge.com\\\/wp-content\\\/uploads\\\/2025\\\/03\\\/L1-Judge-Delta-Academy-Sevilla.jpg\",\"datePublished\":\"2025-03-21T09:26:17+00:00\",\"dateModified\":\"2026-01-29T15:09:07+00:00\",\"breadcrumb\":{\"@id\":\"https:\\\/\\\/deltajudge.com\\\/pt-pt\\\/producto\\\/juiz-de-nivel-1-6-de-dezembro-em-sevilha#breadcrumb\"},\"inLanguage\":\"pt-PT\",\"potentialAction\":[{\"@type\":\"ReadAction\",\"target\":[\"https:\\\/\\\/deltajudge.com\\\/pt-pt\\\/producto\\\/juiz-de-nivel-1-6-de-dezembro-em-sevilha\"]}]},{\"@type\":\"ImageObject\",\"inLanguage\":\"pt-PT\",\"@id\":\"https:\\\/\\\/deltajudge.com\\\/pt-pt\\\/producto\\\/juiz-de-nivel-1-6-de-dezembro-em-sevilha#primaryimage\",\"url\":\"https:\\\/\\\/deltajudge.com\\\/wp-content\\\/uploads\\\/2025\\\/03\\\/L1-Judge-Delta-Academy-Sevilla.jpg\",\"contentUrl\":\"https:\\\/\\\/deltajudge.com\\\/wp-content\\\/uploads\\\/2025\\\/03\\\/L1-Judge-Delta-Academy-Sevilla.jpg\",\"width\":1080,\"height\":1350,\"caption\":\"L1-Juiz Academia Delta Sevilha\"},{\"@type\":\"BreadcrumbList\",\"@id\":\"https:\\\/\\\/deltajudge.com\\\/pt-pt\\\/producto\\\/juiz-de-nivel-1-6-de-dezembro-em-sevilha#breadcrumb\",\"itemListElement\":[{\"@type\":\"ListItem\",\"position\":1,\"name\":\"Home\",\"item\":\"https:\\\/\\\/deltajudge.com\\\/\"},{\"@type\":\"ListItem\",\"position\":2,\"name\":\"Compra\",\"item\":\"https:\\\/\\\/deltajudge.com\\\/pt-pt\\\/compra\"},{\"@type\":\"ListItem\",\"position\":3,\"name\":\"Juiz de N\u00edvel 1 &#8211; 25 de abril em \u00c1guilas, Murcia\"}]},{\"@type\":\"WebSite\",\"@id\":\"https:\\\/\\\/deltajudge.com\\\/fr\\\/#website\",\"url\":\"https:\\\/\\\/deltajudge.com\\\/fr\\\/\",\"name\":\"Delta Judge\",\"description\":\"\u00a1Queremos que tu competici\u00f3n sea exitosa! NOSOTROS SOMOS TU EQUIPO DE JUECES\",\"potentialAction\":[{\"@type\":\"SearchAction\",\"target\":{\"@type\":\"EntryPoint\",\"urlTemplate\":\"https:\\\/\\\/deltajudge.com\\\/fr\\\/?s={search_term_string}\"},\"query-input\":{\"@type\":\"PropertyValueSpecification\",\"valueRequired\":true,\"valueName\":\"search_term_string\"}}],\"inLanguage\":\"pt-PT\"}]}<\/script>\n<!-- \/ Yoast SEO plugin. -->","yoast_head_json":{"title":"Juiz de N\u00edvel 1 - 25 de abril em \u00c1guilas, Murcia - Delta Judge","robots":{"index":"index","follow":"follow","max-snippet":"max-snippet:-1","max-image-preview":"max-image-preview:large","max-video-preview":"max-video-preview:-1"},"canonical":"https:\/\/deltajudge.com\/pt-pt\/producto\/juiz-de-nivel-1-6-de-dezembro-em-sevilha","og_locale":"pt_PT","og_type":"article","og_title":"Juiz de N\u00edvel 1 - 25 de abril em \u00c1guilas, Murcia - Delta Judge","og_description":"Localiza\u00e7\u00e3o: Wave Fitness Hor\u00e1rio: 11:30h \u00e0s 14:30h (intervalo) 15:30h \u00e0s 18:45h. (O hor\u00e1rio est\u00e1 sujeito a pequenas altera\u00e7\u00f5es) O que \u00e9 que vais aprender?  Movimentos e normas  Posicionamento e fun\u00e7\u00f5es dos ju\u00edzes  Leitura do quadro de resultados  Sinaliza\u00e7\u00e3o e comunica\u00e7\u00e3o eficaz com os atletas  Pr\u00e1ticas na arena: tomada de decis\u00f5es sob press\u00e3o, gest\u00e3o de erros frequentes, gest\u00e3o emocional... Inclui o pacote de boas-vindas e o diploma da Delta Judge Academy. &nbsp; Forma\u00e7\u00e3o exclusiva para ju\u00edzes Delta Judge.","og_url":"https:\/\/deltajudge.com\/pt-pt\/producto\/juiz-de-nivel-1-6-de-dezembro-em-sevilha","og_site_name":"Delta Judge","article_modified_time":"2026-01-29T15:09:07+00:00","og_image":[{"width":1080,"height":1350,"url":"https:\/\/deltajudge.com\/wp-content\/uploads\/2025\/03\/L1-Judge-Delta-Academy-Sevilla.jpg","type":"image\/jpeg"}],"twitter_card":"summary_large_image","twitter_misc":{"Tempo estimado de leitura":"1 minuto"},"schema":{"@context":"https:\/\/schema.org","@graph":[{"@type":"WebPage","@id":"https:\/\/deltajudge.com\/pt-pt\/producto\/juiz-de-nivel-1-6-de-dezembro-em-sevilha","url":"https:\/\/deltajudge.com\/pt-pt\/producto\/juiz-de-nivel-1-6-de-dezembro-em-sevilha","name":"Juiz de N\u00edvel 1 - 25 de abril em \u00c1guilas, Murcia - Delta Judge","isPartOf":{"@id":"https:\/\/deltajudge.com\/fr\/#website"},"primaryImageOfPage":{"@id":"https:\/\/deltajudge.com\/pt-pt\/producto\/juiz-de-nivel-1-6-de-dezembro-em-sevilha#primaryimage"},"image":{"@id":"https:\/\/deltajudge.com\/pt-pt\/producto\/juiz-de-nivel-1-6-de-dezembro-em-sevilha#primaryimage"},"thumbnailUrl":"https:\/\/deltajudge.com\/wp-content\/uploads\/2025\/03\/L1-Judge-Delta-Academy-Sevilla.jpg","datePublished":"2025-03-21T09:26:17+00:00","dateModified":"2026-01-29T15:09:07+00:00","breadcrumb":{"@id":"https:\/\/deltajudge.com\/pt-pt\/producto\/juiz-de-nivel-1-6-de-dezembro-em-sevilha#breadcrumb"},"inLanguage":"pt-PT","potentialAction":[{"@type":"ReadAction","target":["https:\/\/deltajudge.com\/pt-pt\/producto\/juiz-de-nivel-1-6-de-dezembro-em-sevilha"]}]},{"@type":"ImageObject","inLanguage":"pt-PT","@id":"https:\/\/deltajudge.com\/pt-pt\/producto\/juiz-de-nivel-1-6-de-dezembro-em-sevilha#primaryimage","url":"https:\/\/deltajudge.com\/wp-content\/uploads\/2025\/03\/L1-Judge-Delta-Academy-Sevilla.jpg","contentUrl":"https:\/\/deltajudge.com\/wp-content\/uploads\/2025\/03\/L1-Judge-Delta-Academy-Sevilla.jpg","width":1080,"height":1350,"caption":"L1-Juiz Academia Delta Sevilha"},{"@type":"BreadcrumbList","@id":"https:\/\/deltajudge.com\/pt-pt\/producto\/juiz-de-nivel-1-6-de-dezembro-em-sevilha#breadcrumb","itemListElement":[{"@type":"ListItem","position":1,"name":"Home","item":"https:\/\/deltajudge.com\/"},{"@type":"ListItem","position":2,"name":"Compra","item":"https:\/\/deltajudge.com\/pt-pt\/compra"},{"@type":"ListItem","position":3,"name":"Juiz de N\u00edvel 1 &#8211; 25 de abril em \u00c1guilas, Murcia"}]},{"@type":"WebSite","@id":"https:\/\/deltajudge.com\/fr\/#website","url":"https:\/\/deltajudge.com\/fr\/","name":"Delta Judge","description":"\u00a1Queremos que tu competici\u00f3n sea exitosa! NOSOTROS SOMOS TU EQUIPO DE JUECES","potentialAction":[{"@type":"SearchAction","target":{"@type":"EntryPoint","urlTemplate":"https:\/\/deltajudge.com\/fr\/?s={search_term_string}"},"query-input":{"@type":"PropertyValueSpecification","valueRequired":true,"valueName":"search_term_string"}}],"inLanguage":"pt-PT"}]}},"_links":{"self":[{"href":"https:\/\/deltajudge.com\/pt-pt\/wp-json\/wp\/v2\/product\/6831","targetHints":{"allow":["GET"]}}],"collection":[{"href":"https:\/\/deltajudge.com\/pt-pt\/wp-json\/wp\/v2\/product"}],"about":[{"href":"https:\/\/deltajudge.com\/pt-pt\/wp-json\/wp\/v2\/types\/product"}],"replies":[{"embeddable":true,"href":"https:\/\/deltajudge.com\/pt-pt\/wp-json\/wp\/v2\/comments?post=6831"}],"version-history":[{"count":6,"href":"https:\/\/deltajudge.com\/pt-pt\/wp-json\/wp\/v2\/product\/6831\/revisions"}],"predecessor-version":[{"id":8725,"href":"https:\/\/deltajudge.com\/pt-pt\/wp-json\/wp\/v2\/product\/6831\/revisions\/8725"}],"wp:featuredmedia":[{"embeddable":true,"href":"https:\/\/deltajudge.com\/pt-pt\/wp-json\/wp\/v2\/media\/6818"}],"wp:attachment":[{"href":"https:\/\/deltajudge.com\/pt-pt\/wp-json\/wp\/v2\/media?parent=6831"}],"wp:term":[{"taxonomy":"product_brand","embeddable":true,"href":"https:\/\/deltajudge.com\/pt-pt\/wp-json\/wp\/v2\/product_brand?post=6831"},{"taxonomy":"product_cat","embeddable":true,"href":"https:\/\/deltajudge.com\/pt-pt\/wp-json\/wp\/v2\/product_cat?post=6831"},{"taxonomy":"product_tag","embeddable":true,"href":"https:\/\/deltajudge.com\/pt-pt\/wp-json\/wp\/v2\/product_tag?post=6831"}],"curies":[{"name":"wp","href":"https:\/\/api.w.org\/{rel}","templated":true}]}}