{"id":6499,"date":"2025-02-26T21:40:11","date_gmt":"2025-02-26T21:40:11","guid":{"rendered":"https:\/\/deltajudge.com\/academia"},"modified":"2025-12-07T12:01:54","modified_gmt":"2025-12-07T12:01:54","slug":"academia","status":"publish","type":"page","link":"https:\/\/deltajudge.com\/pt-pt\/academia","title":{"rendered":"Academia"},"content":{"rendered":"\t\t<div data-elementor-type=\"wp-page\" data-elementor-id=\"6499\" class=\"elementor elementor-6499 elementor-6204\">\n\t\t\t\t\t\t<section class=\"elementor-section elementor-top-section elementor-element elementor-element-5ba7ed8c elementor-section-full_width elementor-section-height-min-height elementor-section-height-default elementor-section-items-middle\" data-id=\"5ba7ed8c\" data-element_type=\"section\" data-e-type=\"section\" data-settings=\"{&quot;background_background&quot;:&quot;classic&quot;}\">\n\t\t\t\t\t\t\t<div class=\"elementor-background-overlay\"><\/div>\n\t\t\t\t\t\t\t<div class=\"elementor-container elementor-column-gap-default\">\n\t\t\t\t\t<div class=\"elementor-column elementor-col-100 elementor-top-column elementor-element elementor-element-2b0c952f elementor-hidden-mobile\" data-id=\"2b0c952f\" data-element_type=\"column\" data-e-type=\"column\">\n\t\t\t<div class=\"elementor-widget-wrap elementor-element-populated\">\n\t\t\t\t\t\t<div class=\"elementor-element elementor-element-c4587bc elementor-widget elementor-widget-heading\" data-id=\"c4587bc\" data-element_type=\"widget\" data-e-type=\"widget\" data-widget_type=\"heading.default\">\n\t\t\t\t<div class=\"elementor-widget-container\">\n\t\t\t\t\t<h2 class=\"elementor-heading-title elementor-size-default\">ACADEMIA DE JU\u00cdZES DELTA<\/h2>\t\t\t\t<\/div>\n\t\t\t\t<\/div>\n\t\t\t\t<div class=\"elementor-element elementor-element-1ef9bc22 elementor-widget elementor-widget-heading\" data-id=\"1ef9bc22\" data-element_type=\"widget\" data-e-type=\"widget\" data-widget_type=\"heading.default\">\n\t\t\t\t<div class=\"elementor-widget-container\">\n\t\t\t\t\t<h2 class=\"elementor-heading-title elementor-size-default\">ACADEMIA DE JU\u00cdZES DELTA<\/h2>\t\t\t\t<\/div>\n\t\t\t\t<\/div>\n\t\t\t\t\t<\/div>\n\t\t<\/div>\n\t\t\t\t\t<\/div>\n\t\t<\/section>\n\t\t\t\t<section class=\"elementor-section elementor-top-section elementor-element elementor-element-44bbbbd elementor-section-boxed elementor-section-height-default elementor-section-height-default\" data-id=\"44bbbbd\" data-element_type=\"section\" data-e-type=\"section\">\n\t\t\t\t\t\t<div class=\"elementor-container elementor-column-gap-default\">\n\t\t\t\t\t<div class=\"elementor-column elementor-col-100 elementor-top-column elementor-element elementor-element-fb09872\" data-id=\"fb09872\" data-element_type=\"column\" data-e-type=\"column\">\n\t\t\t<div class=\"elementor-widget-wrap elementor-element-populated\">\n\t\t\t\t\t\t<div class=\"elementor-element elementor-element-f348545 elementor-widget elementor-widget-heading\" data-id=\"f348545\" data-element_type=\"widget\" data-e-type=\"widget\" data-widget_type=\"heading.default\">\n\t\t\t\t<div class=\"elementor-widget-container\">\n\t\t\t\t\t<h2 class=\"elementor-heading-title elementor-size-default\">Forma\u00e7\u00e3o profissional para ju\u00edzes CrossTraining<\/h2>\t\t\t\t<\/div>\n\t\t\t\t<\/div>\n\t\t\t\t\t<\/div>\n\t\t<\/div>\n\t\t\t\t\t<\/div>\n\t\t<\/section>\n\t\t\t\t<section class=\"elementor-section elementor-top-section elementor-element elementor-element-47551f8 elementor-section-boxed elementor-section-height-default elementor-section-height-default\" data-id=\"47551f8\" data-element_type=\"section\" data-e-type=\"section\">\n\t\t\t\t\t\t<div class=\"elementor-container elementor-column-gap-default\">\n\t\t\t\t\t<div class=\"elementor-column elementor-col-100 elementor-top-column elementor-element elementor-element-3c69f73\" data-id=\"3c69f73\" data-element_type=\"column\" data-e-type=\"column\">\n\t\t\t<div class=\"elementor-widget-wrap elementor-element-populated\">\n\t\t\t\t\t\t<div class=\"elementor-element elementor-element-c7d72af elementor-widget elementor-widget-text-editor\" data-id=\"c7d72af\" data-element_type=\"widget\" data-e-type=\"widget\" data-widget_type=\"text-editor.default\">\n\t\t\t\t<div class=\"elementor-widget-container\">\n\t\t\t\t\t\t\t\t\t<p data-start=\"174\" data-end=\"420\">No mundo da competi\u00e7\u00e3o, a precis\u00e3o e o conhecimento fazem a diferen\u00e7a. <strong data-start=\"258\" data-end=\"281\">A Delta Judge Academy<\/strong> foi criada com a miss\u00e3o de formar ju\u00edzes altamente qualificados, capazes de garantir o desenvolvimento justo e profissional de qualquer evento.<\/p><p data-start=\"422\" data-end=\"639\">Oferecemos <strong data-start=\"432\" data-end=\"477\">cursos especializados, workshops e palestras<\/strong> concebidos para te dar as compet\u00eancias necess\u00e1rias para arbitrar competi\u00e7\u00f5es de<strong data-start=\"565\" data-end=\"600\"> CrossTraining <\/strong>com seguran\u00e7a, confian\u00e7a e discernimento.<\/p>\t\t\t\t\t\t\t\t<\/div>\n\t\t\t\t<\/div>\n\t\t\t\t<div class=\"elementor-element elementor-element-8303ea1 elementor-widget elementor-widget-text-editor\" data-id=\"8303ea1\" data-element_type=\"widget\" data-e-type=\"widget\" data-widget_type=\"text-editor.default\">\n\t\t\t\t<div class=\"elementor-widget-container\">\n\t\t\t\t\t\t\t\t\t<p data-start=\"174\" data-end=\"420\"><strong>O que \u00e9 que te oferecemos?<\/strong><\/p><p data-start=\"174\" data-end=\"420\">\u2705 Forma\u00e7\u00e3o te\u00f3rica e pr\u00e1tica com instrutores experientes.<br data-start=\"754\" data-end=\"757\">\u2705 Regulamentos e normas de cada disciplina.<br data-start=\"802\" data-end=\"805\">\u2705 An\u00e1lise de casos reais e tomada de decis\u00f5es sob press\u00e3o.<br data-start=\"866\" data-end=\"869\">\u2705 Certifica\u00e7\u00f5es para validar os teus conhecimentos.<\/p>\t\t\t\t\t\t\t\t<\/div>\n\t\t\t\t<\/div>\n\t\t\t\t\t<\/div>\n\t\t<\/div>\n\t\t\t\t\t<\/div>\n\t\t<\/section>\n\t\t\t\t<section class=\"elementor-section elementor-top-section elementor-element elementor-element-2540df7c elementor-section-content-middle envato-kit-141-top-0 elementor-section-boxed elementor-section-height-default elementor-section-height-default\" data-id=\"2540df7c\" data-element_type=\"section\" data-e-type=\"section\" data-settings=\"{&quot;background_background&quot;:&quot;classic&quot;}\">\n\t\t\t\t\t\t\t<div class=\"elementor-background-overlay\"><\/div>\n\t\t\t\t\t\t\t<div class=\"elementor-container elementor-column-gap-wide\">\n\t\t\t\t\t<div class=\"elementor-column elementor-col-100 elementor-top-column elementor-element elementor-element-5bd54294\" data-id=\"5bd54294\" data-element_type=\"column\" data-e-type=\"column\">\n\t\t\t<div class=\"elementor-widget-wrap elementor-element-populated\">\n\t\t\t\t\t\t<div class=\"elementor-element elementor-element-98873a0 elementor-widget elementor-widget-heading\" data-id=\"98873a0\" data-element_type=\"widget\" data-e-type=\"widget\" data-widget_type=\"heading.default\">\n\t\t\t\t<div class=\"elementor-widget-container\">\n\t\t\t\t\t<h2 class=\"elementor-heading-title elementor-size-default\">Pr\u00f3ximo L1 Julga por<\/h2>\t\t\t\t<\/div>\n\t\t\t\t<\/div>\n\t\t\t\t<div class=\"elementor-element elementor-element-c9dc1c5 elementor-widget elementor-widget-image\" data-id=\"c9dc1c5\" data-element_type=\"widget\" data-e-type=\"widget\" data-widget_type=\"image.default\">\n\t\t\t\t<div class=\"elementor-widget-container\">\n\t\t\t\t\t\t\t\t\t\t\t\t\t\t\t<img fetchpriority=\"high\" decoding=\"async\" width=\"1024\" height=\"832\" src=\"https:\/\/deltajudge.com\/wp-content\/uploads\/2025\/03\/Logo-Delta-Judge-Academy-negro_Mesa-de-trabajo-1-1024x832.png\" class=\"attachment-large size-large wp-image-6531\" alt=\"\" srcset=\"https:\/\/deltajudge.com\/wp-content\/uploads\/2025\/03\/Logo-Delta-Judge-Academy-negro_Mesa-de-trabajo-1-1024x832.png 1024w, https:\/\/deltajudge.com\/wp-content\/uploads\/2025\/03\/Logo-Delta-Judge-Academy-negro_Mesa-de-trabajo-1-600x487.png 600w, https:\/\/deltajudge.com\/wp-content\/uploads\/2025\/03\/Logo-Delta-Judge-Academy-negro_Mesa-de-trabajo-1-300x244.png 300w, https:\/\/deltajudge.com\/wp-content\/uploads\/2025\/03\/Logo-Delta-Judge-Academy-negro_Mesa-de-trabajo-1-768x624.png 768w, https:\/\/deltajudge.com\/wp-content\/uploads\/2025\/03\/Logo-Delta-Judge-Academy-negro_Mesa-de-trabajo-1-1536x1248.png 1536w, https:\/\/deltajudge.com\/wp-content\/uploads\/2025\/03\/Logo-Delta-Judge-Academy-negro_Mesa-de-trabajo-1-2048x1663.png 2048w, https:\/\/deltajudge.com\/wp-content\/uploads\/2025\/03\/Logo-Delta-Judge-Academy-negro_Mesa-de-trabajo-1-1320x1072.png 1320w\" sizes=\"(max-width: 1024px) 100vw, 1024px\" \/>\t\t\t\t\t\t\t\t\t\t\t\t\t\t\t<\/div>\n\t\t\t\t<\/div>\n\t\t\t\t\t<\/div>\n\t\t<\/div>\n\t\t\t\t\t<\/div>\n\t\t<\/section>\n\t\t\t\t<section class=\"elementor-section elementor-top-section elementor-element elementor-element-4e29cdb8 envato-kit-141-top-0 elementor-section-boxed elementor-section-height-default elementor-section-height-default\" data-id=\"4e29cdb8\" data-element_type=\"section\" data-e-type=\"section\" data-settings=\"{&quot;background_background&quot;:&quot;classic&quot;}\">\n\t\t\t\t\t\t\t<div class=\"elementor-background-overlay\"><\/div>\n\t\t\t\t\t\t\t<div class=\"elementor-container elementor-column-gap-wide\">\n\t\t\t\t\t<div class=\"elementor-column elementor-col-50 elementor-top-column elementor-element elementor-element-1d1412ae\" data-id=\"1d1412ae\" data-element_type=\"column\" data-e-type=\"column\">\n\t\t\t<div class=\"elementor-widget-wrap elementor-element-populated\">\n\t\t\t\t\t\t<section class=\"elementor-section elementor-inner-section elementor-element elementor-element-1fb94a6 elementor-section-content-middle elementor-section-boxed elementor-section-height-default elementor-section-height-default elementor-invisible\" data-id=\"1fb94a6\" data-element_type=\"section\" data-e-type=\"section\" data-settings=\"{&quot;background_background&quot;:&quot;classic&quot;,&quot;animation&quot;:&quot;fadeIn&quot;,&quot;animation_delay&quot;:100}\">\n\t\t\t\t\t\t<div class=\"elementor-container elementor-column-gap-no\">\n\t\t\t\t\t<div class=\"elementor-column elementor-col-50 elementor-inner-column elementor-element elementor-element-60a1174\" data-id=\"60a1174\" data-element_type=\"column\" data-e-type=\"column\" data-settings=\"{&quot;background_background&quot;:&quot;classic&quot;}\">\n\t\t\t<div class=\"elementor-widget-wrap elementor-element-populated\">\n\t\t\t\t\t\t<div class=\"elementor-element elementor-element-06d86cf elementor-widget elementor-widget-spacer\" data-id=\"06d86cf\" data-element_type=\"widget\" data-e-type=\"widget\" data-widget_type=\"spacer.default\">\n\t\t\t\t<div class=\"elementor-widget-container\">\n\t\t\t\t\t\t\t<div class=\"elementor-spacer\">\n\t\t\t<div class=\"elementor-spacer-inner\"><\/div>\n\t\t<\/div>\n\t\t\t\t\t\t<\/div>\n\t\t\t\t<\/div>\n\t\t\t\t\t<\/div>\n\t\t<\/div>\n\t\t\t\t<div class=\"elementor-column elementor-col-50 elementor-inner-column elementor-element elementor-element-2337348\" data-id=\"2337348\" data-element_type=\"column\" data-e-type=\"column\">\n\t\t\t<div class=\"elementor-widget-wrap elementor-element-populated\">\n\t\t\t\t\t\t<div class=\"elementor-element elementor-element-c09fbfc elementor-widget elementor-widget-heading\" data-id=\"c09fbfc\" data-element_type=\"widget\" data-e-type=\"widget\" data-widget_type=\"heading.default\">\n\t\t\t\t<div class=\"elementor-widget-container\">\n\t\t\t\t\t<h2 class=\"elementor-heading-title elementor-size-default\">EM BREVE<\/h2>\t\t\t\t<\/div>\n\t\t\t\t<\/div>\n\t\t\t\t<div class=\"elementor-element elementor-element-6fc6998 elementor-widget elementor-widget-text-editor\" data-id=\"6fc6998\" data-element_type=\"widget\" data-e-type=\"widget\" data-widget_type=\"text-editor.default\">\n\t\t\t\t<div class=\"elementor-widget-container\">\n\t\t\t\t\t\t\t\t\t<p>Lugares limitados<\/p>\t\t\t\t\t\t\t\t<\/div>\n\t\t\t\t<\/div>\n\t\t\t\t\t<\/div>\n\t\t<\/div>\n\t\t\t\t\t<\/div>\n\t\t<\/section>\n\t\t\t\t\t<\/div>\n\t\t<\/div>\n\t\t\t\t<div class=\"elementor-column elementor-col-50 elementor-top-column elementor-element elementor-element-3703222b\" data-id=\"3703222b\" data-element_type=\"column\" data-e-type=\"column\">\n\t\t\t<div class=\"elementor-widget-wrap\">\n\t\t\t\t\t\t\t<\/div>\n\t\t<\/div>\n\t\t\t\t\t<\/div>\n\t\t<\/section>\n\t\t\t\t<section class=\"elementor-section elementor-top-section elementor-element elementor-element-48b0ea5 envato-kit-141-top-0 elementor-section-boxed elementor-section-height-default elementor-section-height-default\" data-id=\"48b0ea5\" data-element_type=\"section\" data-e-type=\"section\" data-settings=\"{&quot;background_background&quot;:&quot;classic&quot;}\">\n\t\t\t\t\t\t\t<div class=\"elementor-background-overlay\"><\/div>\n\t\t\t\t\t\t\t<div class=\"elementor-container elementor-column-gap-wide\">\n\t\t\t\t\t<div class=\"elementor-column elementor-col-50 elementor-top-column elementor-element elementor-element-fe221c8\" data-id=\"fe221c8\" data-element_type=\"column\" data-e-type=\"column\">\n\t\t\t<div class=\"elementor-widget-wrap\">\n\t\t\t\t\t\t\t<\/div>\n\t\t<\/div>\n\t\t\t\t<div class=\"elementor-column elementor-col-50 elementor-top-column elementor-element elementor-element-27e45ad\" data-id=\"27e45ad\" data-element_type=\"column\" data-e-type=\"column\">\n\t\t\t<div class=\"elementor-widget-wrap\">\n\t\t\t\t\t\t\t<\/div>\n\t\t<\/div>\n\t\t\t\t\t<\/div>\n\t\t<\/section>\n\t\t\t\t<\/div>\n\t\t","protected":false},"excerpt":{"rendered":"<p>ACADEMIA DE JU\u00cdZES DELTA ACADEMIA DE JU\u00cdZES DELTA Forma\u00e7\u00e3o profissional para ju\u00edzes CrossTraining No mundo da competi\u00e7\u00e3o, a precis\u00e3o e o conhecimento fazem a diferen\u00e7a. A Delta Judge Academy foi criada com a miss\u00e3o de formar ju\u00edzes altamente qualificados, capazes de garantir o desenvolvimento justo e profissional de qualquer evento. Oferecemos cursos especializados, workshops e [&hellip;]<\/p>\n","protected":false},"author":1,"featured_media":0,"parent":0,"menu_order":0,"comment_status":"closed","ping_status":"closed","template":"","meta":{"site-sidebar-layout":"no-sidebar","site-content-layout":"page-builder","ast-site-content-layout":"full-width-container","site-content-style":"unboxed","site-sidebar-style":"unboxed","ast-global-header-display":"","ast-banner-title-visibility":"","ast-main-header-display":"","ast-hfb-above-header-display":"","ast-hfb-below-header-display":"","ast-hfb-mobile-header-display":"","site-post-title":"","ast-breadcrumbs-content":"","ast-featured-img":"disabled","footer-sml-layout":"","ast-disable-related-posts":"","theme-transparent-header-meta":"","adv-header-id-meta":"","stick-header-meta":"","header-above-stick-meta":"","header-main-stick-meta":"","header-below-stick-meta":"","astra-migrate-meta-layouts":"default","ast-page-background-enabled":"default","ast-page-background-meta":{"desktop":{"background-color":"var(--ast-global-color-4)","background-image":"","background-repeat":"repeat","background-position":"center center","background-size":"auto","background-attachment":"scroll","background-type":"","background-media":"","overlay-type":"","overlay-color":"","overlay-opacity":"","overlay-gradient":""},"tablet":{"background-color":"","background-image":"","background-repeat":"repeat","background-position":"center center","background-size":"auto","background-attachment":"scroll","background-type":"","background-media":"","overlay-type":"","overlay-color":"","overlay-opacity":"","overlay-gradient":""},"mobile":{"background-color":"","background-image":"","background-repeat":"repeat","background-position":"center center","background-size":"auto","background-attachment":"scroll","background-type":"","background-media":"","overlay-type":"","overlay-color":"","overlay-opacity":"","overlay-gradient":""}},"ast-content-background-meta":{"desktop":{"background-color":"var(--ast-global-color-5)","background-image":"","background-repeat":"repeat","background-position":"center center","background-size":"auto","background-attachment":"scroll","background-type":"","background-media":"","overlay-type":"","overlay-color":"","overlay-opacity":"","overlay-gradient":""},"tablet":{"background-color":"var(--ast-global-color-5)","background-image":"","background-repeat":"repeat","background-position":"center center","background-size":"auto","background-attachment":"scroll","background-type":"","background-media":"","overlay-type":"","overlay-color":"","overlay-opacity":"","overlay-gradient":""},"mobile":{"background-color":"var(--ast-global-color-5)","background-image":"","background-repeat":"repeat","background-position":"center center","background-size":"auto","background-attachment":"scroll","background-type":"","background-media":"","overlay-type":"","overlay-color":"","overlay-opacity":"","overlay-gradient":""}},"footnotes":""},"class_list":["post-6499","page","type-page","status-publish","hentry"],"yoast_head":"<!-- This site is optimized with the Yoast SEO plugin v27.6 - https:\/\/yoast.com\/product\/yoast-seo-wordpress\/ -->\n<title>Academia - Delta Judge<\/title>\n<meta name=\"robots\" content=\"index, follow, max-snippet:-1, max-image-preview:large, max-video-preview:-1\" \/>\n<link rel=\"canonical\" href=\"https:\/\/deltajudge.com\/pt-pt\/academia\" \/>\n<meta property=\"og:locale\" content=\"pt_PT\" \/>\n<meta property=\"og:type\" content=\"article\" \/>\n<meta property=\"og:title\" content=\"Academia - Delta Judge\" \/>\n<meta property=\"og:description\" content=\"ACADEMIA DE JU\u00cdZES DELTA ACADEMIA DE JU\u00cdZES DELTA Forma\u00e7\u00e3o profissional para ju\u00edzes CrossTraining No mundo da competi\u00e7\u00e3o, a precis\u00e3o e o conhecimento fazem a diferen\u00e7a. A Delta Judge Academy foi criada com a miss\u00e3o de formar ju\u00edzes altamente qualificados, capazes de garantir o desenvolvimento justo e profissional de qualquer evento. Oferecemos cursos especializados, workshops e [&hellip;]\" \/>\n<meta property=\"og:url\" content=\"https:\/\/deltajudge.com\/pt-pt\/academia\" \/>\n<meta property=\"og:site_name\" content=\"Delta Judge\" \/>\n<meta property=\"article:modified_time\" content=\"2025-12-07T12:01:54+00:00\" \/>\n<meta property=\"og:image\" content=\"https:\/\/deltajudge.com\/wp-content\/uploads\/2025\/03\/Logo-Delta-Judge-Academy-negro_Mesa-de-trabajo-1.png\" \/>\n\t<meta property=\"og:image:width\" content=\"4500\" \/>\n\t<meta property=\"og:image:height\" content=\"3655\" \/>\n\t<meta property=\"og:image:type\" content=\"image\/png\" \/>\n<meta name=\"twitter:card\" content=\"summary_large_image\" \/>\n<meta name=\"twitter:label1\" content=\"Tempo estimado de leitura\" \/>\n\t<meta name=\"twitter:data1\" content=\"2 minutos\" \/>\n<script type=\"application\/ld+json\" class=\"yoast-schema-graph\">{\"@context\":\"https:\\\/\\\/schema.org\",\"@graph\":[{\"@type\":\"WebPage\",\"@id\":\"https:\\\/\\\/deltajudge.com\\\/pt-pt\\\/academia\",\"url\":\"https:\\\/\\\/deltajudge.com\\\/pt-pt\\\/academia\",\"name\":\"Academia - Delta Judge\",\"isPartOf\":{\"@id\":\"https:\\\/\\\/deltajudge.com\\\/fr\\\/#website\"},\"primaryImageOfPage\":{\"@id\":\"https:\\\/\\\/deltajudge.com\\\/pt-pt\\\/academia#primaryimage\"},\"image\":{\"@id\":\"https:\\\/\\\/deltajudge.com\\\/pt-pt\\\/academia#primaryimage\"},\"thumbnailUrl\":\"https:\\\/\\\/deltajudge.com\\\/wp-content\\\/uploads\\\/2025\\\/03\\\/Logo-Delta-Judge-Academy-negro_Mesa-de-trabajo-1-1024x832.png\",\"datePublished\":\"2025-02-26T21:40:11+00:00\",\"dateModified\":\"2025-12-07T12:01:54+00:00\",\"breadcrumb\":{\"@id\":\"https:\\\/\\\/deltajudge.com\\\/pt-pt\\\/academia#breadcrumb\"},\"inLanguage\":\"pt-PT\",\"potentialAction\":[{\"@type\":\"ReadAction\",\"target\":[\"https:\\\/\\\/deltajudge.com\\\/pt-pt\\\/academia\"]}]},{\"@type\":\"ImageObject\",\"inLanguage\":\"pt-PT\",\"@id\":\"https:\\\/\\\/deltajudge.com\\\/pt-pt\\\/academia#primaryimage\",\"url\":\"https:\\\/\\\/deltajudge.com\\\/wp-content\\\/uploads\\\/2025\\\/03\\\/Logo-Delta-Judge-Academy-negro_Mesa-de-trabajo-1-1024x832.png\",\"contentUrl\":\"https:\\\/\\\/deltajudge.com\\\/wp-content\\\/uploads\\\/2025\\\/03\\\/Logo-Delta-Judge-Academy-negro_Mesa-de-trabajo-1-1024x832.png\"},{\"@type\":\"BreadcrumbList\",\"@id\":\"https:\\\/\\\/deltajudge.com\\\/pt-pt\\\/academia#breadcrumb\",\"itemListElement\":[{\"@type\":\"ListItem\",\"position\":1,\"name\":\"Home\",\"item\":\"https:\\\/\\\/deltajudge.com\\\/\"},{\"@type\":\"ListItem\",\"position\":2,\"name\":\"Academia\"}]},{\"@type\":\"WebSite\",\"@id\":\"https:\\\/\\\/deltajudge.com\\\/fr\\\/#website\",\"url\":\"https:\\\/\\\/deltajudge.com\\\/fr\\\/\",\"name\":\"Delta Judge\",\"description\":\"\u00a1Queremos que tu competici\u00f3n sea exitosa! NOSOTROS SOMOS TU EQUIPO DE JUECES\",\"potentialAction\":[{\"@type\":\"SearchAction\",\"target\":{\"@type\":\"EntryPoint\",\"urlTemplate\":\"https:\\\/\\\/deltajudge.com\\\/fr\\\/?s={search_term_string}\"},\"query-input\":{\"@type\":\"PropertyValueSpecification\",\"valueRequired\":true,\"valueName\":\"search_term_string\"}}],\"inLanguage\":\"pt-PT\"}]}<\/script>\n<!-- \/ Yoast SEO plugin. -->","yoast_head_json":{"title":"Academia - Delta Judge","robots":{"index":"index","follow":"follow","max-snippet":"max-snippet:-1","max-image-preview":"max-image-preview:large","max-video-preview":"max-video-preview:-1"},"canonical":"https:\/\/deltajudge.com\/pt-pt\/academia","og_locale":"pt_PT","og_type":"article","og_title":"Academia - Delta Judge","og_description":"ACADEMIA DE JU\u00cdZES DELTA ACADEMIA DE JU\u00cdZES DELTA Forma\u00e7\u00e3o profissional para ju\u00edzes CrossTraining No mundo da competi\u00e7\u00e3o, a precis\u00e3o e o conhecimento fazem a diferen\u00e7a. A Delta Judge Academy foi criada com a miss\u00e3o de formar ju\u00edzes altamente qualificados, capazes de garantir o desenvolvimento justo e profissional de qualquer evento. Oferecemos cursos especializados, workshops e [&hellip;]","og_url":"https:\/\/deltajudge.com\/pt-pt\/academia","og_site_name":"Delta Judge","article_modified_time":"2025-12-07T12:01:54+00:00","og_image":[{"width":4500,"height":3655,"url":"https:\/\/deltajudge.com\/wp-content\/uploads\/2025\/03\/Logo-Delta-Judge-Academy-negro_Mesa-de-trabajo-1.png","type":"image\/png"}],"twitter_card":"summary_large_image","twitter_misc":{"Tempo estimado de leitura":"2 minutos"},"schema":{"@context":"https:\/\/schema.org","@graph":[{"@type":"WebPage","@id":"https:\/\/deltajudge.com\/pt-pt\/academia","url":"https:\/\/deltajudge.com\/pt-pt\/academia","name":"Academia - Delta Judge","isPartOf":{"@id":"https:\/\/deltajudge.com\/fr\/#website"},"primaryImageOfPage":{"@id":"https:\/\/deltajudge.com\/pt-pt\/academia#primaryimage"},"image":{"@id":"https:\/\/deltajudge.com\/pt-pt\/academia#primaryimage"},"thumbnailUrl":"https:\/\/deltajudge.com\/wp-content\/uploads\/2025\/03\/Logo-Delta-Judge-Academy-negro_Mesa-de-trabajo-1-1024x832.png","datePublished":"2025-02-26T21:40:11+00:00","dateModified":"2025-12-07T12:01:54+00:00","breadcrumb":{"@id":"https:\/\/deltajudge.com\/pt-pt\/academia#breadcrumb"},"inLanguage":"pt-PT","potentialAction":[{"@type":"ReadAction","target":["https:\/\/deltajudge.com\/pt-pt\/academia"]}]},{"@type":"ImageObject","inLanguage":"pt-PT","@id":"https:\/\/deltajudge.com\/pt-pt\/academia#primaryimage","url":"https:\/\/deltajudge.com\/wp-content\/uploads\/2025\/03\/Logo-Delta-Judge-Academy-negro_Mesa-de-trabajo-1-1024x832.png","contentUrl":"https:\/\/deltajudge.com\/wp-content\/uploads\/2025\/03\/Logo-Delta-Judge-Academy-negro_Mesa-de-trabajo-1-1024x832.png"},{"@type":"BreadcrumbList","@id":"https:\/\/deltajudge.com\/pt-pt\/academia#breadcrumb","itemListElement":[{"@type":"ListItem","position":1,"name":"Home","item":"https:\/\/deltajudge.com\/"},{"@type":"ListItem","position":2,"name":"Academia"}]},{"@type":"WebSite","@id":"https:\/\/deltajudge.com\/fr\/#website","url":"https:\/\/deltajudge.com\/fr\/","name":"Delta Judge","description":"\u00a1Queremos que tu competici\u00f3n sea exitosa! NOSOTROS SOMOS TU EQUIPO DE JUECES","potentialAction":[{"@type":"SearchAction","target":{"@type":"EntryPoint","urlTemplate":"https:\/\/deltajudge.com\/fr\/?s={search_term_string}"},"query-input":{"@type":"PropertyValueSpecification","valueRequired":true,"valueName":"search_term_string"}}],"inLanguage":"pt-PT"}]}},"_links":{"self":[{"href":"https:\/\/deltajudge.com\/pt-pt\/wp-json\/wp\/v2\/pages\/6499","targetHints":{"allow":["GET"]}}],"collection":[{"href":"https:\/\/deltajudge.com\/pt-pt\/wp-json\/wp\/v2\/pages"}],"about":[{"href":"https:\/\/deltajudge.com\/pt-pt\/wp-json\/wp\/v2\/types\/page"}],"author":[{"embeddable":true,"href":"https:\/\/deltajudge.com\/pt-pt\/wp-json\/wp\/v2\/users\/1"}],"replies":[{"embeddable":true,"href":"https:\/\/deltajudge.com\/pt-pt\/wp-json\/wp\/v2\/comments?post=6499"}],"version-history":[{"count":31,"href":"https:\/\/deltajudge.com\/pt-pt\/wp-json\/wp\/v2\/pages\/6499\/revisions"}],"predecessor-version":[{"id":8584,"href":"https:\/\/deltajudge.com\/pt-pt\/wp-json\/wp\/v2\/pages\/6499\/revisions\/8584"}],"wp:attachment":[{"href":"https:\/\/deltajudge.com\/pt-pt\/wp-json\/wp\/v2\/media?parent=6499"}],"curies":[{"name":"wp","href":"https:\/\/api.w.org\/{rel}","templated":true}]}}