{"id":7849,"date":"2025-06-15T08:23:30","date_gmt":"2025-06-15T08:23:30","guid":{"rendered":"https:\/\/deltajudge.com\/producto\/compensation"},"modified":"2025-06-25T15:25:06","modified_gmt":"2025-06-25T15:25:06","slug":"compensation","status":"publish","type":"product","link":"https:\/\/deltajudge.com\/fr\/producto\/compensation","title":{"rendered":"Collant"},"content":{"rendered":"","protected":false},"excerpt":{"rendered":"<p>Le collant athl\u00e9tique, con\u00e7u pour un confort et une respirabilit\u00e9 optimaux, procure un excellent maintien pour am\u00e9liorer vos performances \u00e0 chaque entra\u00eenement. Sa coupe seconde peau garantit un confort durable, m\u00eame en comp\u00e9tition.<\/p>\n","protected":false},"featured_media":7457,"comment_status":"open","ping_status":"closed","template":"","meta":{"site-sidebar-layout":"default","site-content-layout":"","ast-site-content-layout":"default","site-content-style":"default","site-sidebar-style":"default","ast-global-header-display":"","ast-banner-title-visibility":"","ast-main-header-display":"","ast-hfb-above-header-display":"","ast-hfb-below-header-display":"","ast-hfb-mobile-header-display":"","site-post-title":"","ast-breadcrumbs-content":"","ast-featured-img":"","footer-sml-layout":"","ast-disable-related-posts":"","theme-transparent-header-meta":"default","adv-header-id-meta":"","stick-header-meta":"","header-above-stick-meta":"","header-main-stick-meta":"","header-below-stick-meta":"","astra-migrate-meta-layouts":"set","ast-page-background-enabled":"default","ast-page-background-meta":{"desktop":{"background-color":"var(--ast-global-color-4)","background-image":"","background-repeat":"repeat","background-position":"center center","background-size":"auto","background-attachment":"scroll","background-type":"","background-media":"","overlay-type":"","overlay-color":"","overlay-opacity":"","overlay-gradient":""},"tablet":{"background-color":"","background-image":"","background-repeat":"repeat","background-position":"center center","background-size":"auto","background-attachment":"scroll","background-type":"","background-media":"","overlay-type":"","overlay-color":"","overlay-opacity":"","overlay-gradient":""},"mobile":{"background-color":"","background-image":"","background-repeat":"repeat","background-position":"center center","background-size":"auto","background-attachment":"scroll","background-type":"","background-media":"","overlay-type":"","overlay-color":"","overlay-opacity":"","overlay-gradient":""}},"ast-content-background-meta":{"desktop":{"background-color":"var(--ast-global-color-5)","background-image":"","background-repeat":"repeat","background-position":"center center","background-size":"auto","background-attachment":"scroll","background-type":"","background-media":"","overlay-type":"","overlay-color":"","overlay-opacity":"","overlay-gradient":""},"tablet":{"background-color":"var(--ast-global-color-5)","background-image":"","background-repeat":"repeat","background-position":"center center","background-size":"auto","background-attachment":"scroll","background-type":"","background-media":"","overlay-type":"","overlay-color":"","overlay-opacity":"","overlay-gradient":""},"mobile":{"background-color":"var(--ast-global-color-5)","background-image":"","background-repeat":"repeat","background-position":"center center","background-size":"auto","background-attachment":"scroll","background-type":"","background-media":"","overlay-type":"","overlay-color":"","overlay-opacity":"","overlay-gradient":""}}},"product_brand":[50],"product_cat":[97,92],"product_tag":[],"class_list":{"0":"post-7849","1":"product","2":"type-product","3":"status-publish","4":"has-post-thumbnail","6":"product_brand-picsil","7":"product_cat-femme-fr","8":"product_cat-vetements-fr","9":"desktop-align-left","10":"tablet-align-left","11":"mobile-align-left","13":"first","14":"instock","15":"taxable","16":"shipping-taxable","17":"purchasable","18":"product-type-variable"},"yoast_head":"<!-- This site is optimized with the Yoast SEO plugin v27.5 - https:\/\/yoast.com\/product\/yoast-seo-wordpress\/ -->\n<title>Collant - Delta Judge<\/title>\n<meta name=\"robots\" content=\"index, follow, max-snippet:-1, max-image-preview:large, max-video-preview:-1\" \/>\n<link rel=\"canonical\" href=\"https:\/\/deltajudge.com\/fr\/producto\/compensation\" \/>\n<meta property=\"og:locale\" content=\"fr_FR\" \/>\n<meta property=\"og:type\" content=\"article\" \/>\n<meta property=\"og:title\" content=\"Collant - Delta Judge\" \/>\n<meta property=\"og:description\" content=\"Le collant athl\u00e9tique, con\u00e7u pour un confort et une respirabilit\u00e9 optimaux, procure un excellent maintien pour am\u00e9liorer vos performances \u00e0 chaque entra\u00eenement. Sa coupe seconde peau garantit un confort durable, m\u00eame en comp\u00e9tition.\" \/>\n<meta property=\"og:url\" content=\"https:\/\/deltajudge.com\/fr\/producto\/compensation\" \/>\n<meta property=\"og:site_name\" content=\"Delta Judge\" \/>\n<meta property=\"article:modified_time\" content=\"2025-06-25T15:25:06+00:00\" \/>\n<meta property=\"og:image\" content=\"https:\/\/deltajudge.com\/wp-content\/uploads\/2025\/06\/Pantalon-Chandal-Picsil.jpg\" \/>\n\t<meta property=\"og:image:width\" content=\"1414\" \/>\n\t<meta property=\"og:image:height\" content=\"2000\" \/>\n\t<meta property=\"og:image:type\" content=\"image\/jpeg\" \/>\n<meta name=\"twitter:card\" content=\"summary_large_image\" \/>\n<meta name=\"twitter:label1\" content=\"Dur\u00e9e de lecture estim\u00e9e\" \/>\n\t<meta name=\"twitter:data1\" content=\"1 minute\" \/>\n<script type=\"application\/ld+json\" class=\"yoast-schema-graph\">{\"@context\":\"https:\\\/\\\/schema.org\",\"@graph\":[{\"@type\":\"WebPage\",\"@id\":\"https:\\\/\\\/deltajudge.com\\\/fr\\\/producto\\\/compensation\",\"url\":\"https:\\\/\\\/deltajudge.com\\\/fr\\\/producto\\\/compensation\",\"name\":\"Collant - Delta Judge\",\"isPartOf\":{\"@id\":\"https:\\\/\\\/deltajudge.com\\\/fr\\\/#website\"},\"primaryImageOfPage\":{\"@id\":\"https:\\\/\\\/deltajudge.com\\\/fr\\\/producto\\\/compensation#primaryimage\"},\"image\":{\"@id\":\"https:\\\/\\\/deltajudge.com\\\/fr\\\/producto\\\/compensation#primaryimage\"},\"thumbnailUrl\":\"https:\\\/\\\/deltajudge.com\\\/wp-content\\\/uploads\\\/2025\\\/06\\\/Pantalon-Chandal-Picsil.jpg\",\"datePublished\":\"2025-06-15T08:23:30+00:00\",\"dateModified\":\"2025-06-25T15:25:06+00:00\",\"breadcrumb\":{\"@id\":\"https:\\\/\\\/deltajudge.com\\\/fr\\\/producto\\\/compensation#breadcrumb\"},\"inLanguage\":\"fr-FR\",\"potentialAction\":[{\"@type\":\"ReadAction\",\"target\":[\"https:\\\/\\\/deltajudge.com\\\/fr\\\/producto\\\/compensation\"]}]},{\"@type\":\"ImageObject\",\"inLanguage\":\"fr-FR\",\"@id\":\"https:\\\/\\\/deltajudge.com\\\/fr\\\/producto\\\/compensation#primaryimage\",\"url\":\"https:\\\/\\\/deltajudge.com\\\/wp-content\\\/uploads\\\/2025\\\/06\\\/Pantalon-Chandal-Picsil.jpg\",\"contentUrl\":\"https:\\\/\\\/deltajudge.com\\\/wp-content\\\/uploads\\\/2025\\\/06\\\/Pantalon-Chandal-Picsil.jpg\",\"width\":1414,\"height\":2000,\"caption\":\"Pantal\u00f3n ch\u00e1ndal Picsil\"},{\"@type\":\"BreadcrumbList\",\"@id\":\"https:\\\/\\\/deltajudge.com\\\/fr\\\/producto\\\/compensation#breadcrumb\",\"itemListElement\":[{\"@type\":\"ListItem\",\"position\":1,\"name\":\"Home\",\"item\":\"https:\\\/\\\/deltajudge.com\\\/\"},{\"@type\":\"ListItem\",\"position\":2,\"name\":\"Boutique\",\"item\":\"https:\\\/\\\/deltajudge.com\\\/fr\\\/boutique\"},{\"@type\":\"ListItem\",\"position\":3,\"name\":\"Collant\"}]},{\"@type\":\"WebSite\",\"@id\":\"https:\\\/\\\/deltajudge.com\\\/fr\\\/#website\",\"url\":\"https:\\\/\\\/deltajudge.com\\\/fr\\\/\",\"name\":\"Delta Judge\",\"description\":\"\u00a1Queremos que tu competici\u00f3n sea exitosa! NOSOTROS SOMOS TU EQUIPO DE JUECES\",\"potentialAction\":[{\"@type\":\"SearchAction\",\"target\":{\"@type\":\"EntryPoint\",\"urlTemplate\":\"https:\\\/\\\/deltajudge.com\\\/fr\\\/?s={search_term_string}\"},\"query-input\":{\"@type\":\"PropertyValueSpecification\",\"valueRequired\":true,\"valueName\":\"search_term_string\"}}],\"inLanguage\":\"fr-FR\"}]}<\/script>\n<!-- \/ Yoast SEO plugin. -->","yoast_head_json":{"title":"Collant - Delta Judge","robots":{"index":"index","follow":"follow","max-snippet":"max-snippet:-1","max-image-preview":"max-image-preview:large","max-video-preview":"max-video-preview:-1"},"canonical":"https:\/\/deltajudge.com\/fr\/producto\/compensation","og_locale":"fr_FR","og_type":"article","og_title":"Collant - Delta Judge","og_description":"Le collant athl\u00e9tique, con\u00e7u pour un confort et une respirabilit\u00e9 optimaux, procure un excellent maintien pour am\u00e9liorer vos performances \u00e0 chaque entra\u00eenement. Sa coupe seconde peau garantit un confort durable, m\u00eame en comp\u00e9tition.","og_url":"https:\/\/deltajudge.com\/fr\/producto\/compensation","og_site_name":"Delta Judge","article_modified_time":"2025-06-25T15:25:06+00:00","og_image":[{"width":1414,"height":2000,"url":"https:\/\/deltajudge.com\/wp-content\/uploads\/2025\/06\/Pantalon-Chandal-Picsil.jpg","type":"image\/jpeg"}],"twitter_card":"summary_large_image","twitter_misc":{"Dur\u00e9e de lecture estim\u00e9e":"1 minute"},"schema":{"@context":"https:\/\/schema.org","@graph":[{"@type":"WebPage","@id":"https:\/\/deltajudge.com\/fr\/producto\/compensation","url":"https:\/\/deltajudge.com\/fr\/producto\/compensation","name":"Collant - Delta Judge","isPartOf":{"@id":"https:\/\/deltajudge.com\/fr\/#website"},"primaryImageOfPage":{"@id":"https:\/\/deltajudge.com\/fr\/producto\/compensation#primaryimage"},"image":{"@id":"https:\/\/deltajudge.com\/fr\/producto\/compensation#primaryimage"},"thumbnailUrl":"https:\/\/deltajudge.com\/wp-content\/uploads\/2025\/06\/Pantalon-Chandal-Picsil.jpg","datePublished":"2025-06-15T08:23:30+00:00","dateModified":"2025-06-25T15:25:06+00:00","breadcrumb":{"@id":"https:\/\/deltajudge.com\/fr\/producto\/compensation#breadcrumb"},"inLanguage":"fr-FR","potentialAction":[{"@type":"ReadAction","target":["https:\/\/deltajudge.com\/fr\/producto\/compensation"]}]},{"@type":"ImageObject","inLanguage":"fr-FR","@id":"https:\/\/deltajudge.com\/fr\/producto\/compensation#primaryimage","url":"https:\/\/deltajudge.com\/wp-content\/uploads\/2025\/06\/Pantalon-Chandal-Picsil.jpg","contentUrl":"https:\/\/deltajudge.com\/wp-content\/uploads\/2025\/06\/Pantalon-Chandal-Picsil.jpg","width":1414,"height":2000,"caption":"Pantal\u00f3n ch\u00e1ndal Picsil"},{"@type":"BreadcrumbList","@id":"https:\/\/deltajudge.com\/fr\/producto\/compensation#breadcrumb","itemListElement":[{"@type":"ListItem","position":1,"name":"Home","item":"https:\/\/deltajudge.com\/"},{"@type":"ListItem","position":2,"name":"Boutique","item":"https:\/\/deltajudge.com\/fr\/boutique"},{"@type":"ListItem","position":3,"name":"Collant"}]},{"@type":"WebSite","@id":"https:\/\/deltajudge.com\/fr\/#website","url":"https:\/\/deltajudge.com\/fr\/","name":"Delta Judge","description":"\u00a1Queremos que tu competici\u00f3n sea exitosa! NOSOTROS SOMOS TU EQUIPO DE JUECES","potentialAction":[{"@type":"SearchAction","target":{"@type":"EntryPoint","urlTemplate":"https:\/\/deltajudge.com\/fr\/?s={search_term_string}"},"query-input":{"@type":"PropertyValueSpecification","valueRequired":true,"valueName":"search_term_string"}}],"inLanguage":"fr-FR"}]}},"_links":{"self":[{"href":"https:\/\/deltajudge.com\/fr\/wp-json\/wp\/v2\/product\/7849","targetHints":{"allow":["GET"]}}],"collection":[{"href":"https:\/\/deltajudge.com\/fr\/wp-json\/wp\/v2\/product"}],"about":[{"href":"https:\/\/deltajudge.com\/fr\/wp-json\/wp\/v2\/types\/product"}],"replies":[{"embeddable":true,"href":"https:\/\/deltajudge.com\/fr\/wp-json\/wp\/v2\/comments?post=7849"}],"version-history":[{"count":2,"href":"https:\/\/deltajudge.com\/fr\/wp-json\/wp\/v2\/product\/7849\/revisions"}],"predecessor-version":[{"id":8049,"href":"https:\/\/deltajudge.com\/fr\/wp-json\/wp\/v2\/product\/7849\/revisions\/8049"}],"wp:featuredmedia":[{"embeddable":true,"href":"https:\/\/deltajudge.com\/fr\/wp-json\/wp\/v2\/media\/7457"}],"wp:attachment":[{"href":"https:\/\/deltajudge.com\/fr\/wp-json\/wp\/v2\/media?parent=7849"}],"wp:term":[{"taxonomy":"product_brand","embeddable":true,"href":"https:\/\/deltajudge.com\/fr\/wp-json\/wp\/v2\/product_brand?post=7849"},{"taxonomy":"product_cat","embeddable":true,"href":"https:\/\/deltajudge.com\/fr\/wp-json\/wp\/v2\/product_cat?post=7849"},{"taxonomy":"product_tag","embeddable":true,"href":"https:\/\/deltajudge.com\/fr\/wp-json\/wp\/v2\/product_tag?post=7849"}],"curies":[{"name":"wp","href":"https:\/\/api.w.org\/{rel}","templated":true}]}}