{"id":7843,"date":"2025-06-17T11:01:51","date_gmt":"2025-06-17T11:01:51","guid":{"rendered":"https:\/\/deltajudge.com\/producto\/landyard"},"modified":"2025-06-25T11:22:16","modified_gmt":"2025-06-25T11:22:16","slug":"landyard","status":"publish","type":"product","link":"https:\/\/deltajudge.com\/fr\/producto\/landyard","title":{"rendered":"Landyard"},"content":{"rendered":"","protected":false},"excerpt":{"rendered":"<p>Le cordon officiel Delta Judge allie fonctionnalit\u00e9 et style pour garder vos badges et cartes \u00e0 port\u00e9e de main lors de vos \u00e9v\u00e9nements et comp\u00e9titions. Fabriqu\u00e9 \u00e0 partir de mat\u00e9riaux solides et durables, il offre un port confortable et s\u00fbr, parfait pour les professionnels et les juges \u00e0 la recherche de praticit\u00e9 et de qualit\u00e9.<\/p>\n","protected":false},"featured_media":7787,"comment_status":"open","ping_status":"closed","template":"","meta":{"site-sidebar-layout":"default","site-content-layout":"","ast-site-content-layout":"default","site-content-style":"default","site-sidebar-style":"default","ast-global-header-display":"","ast-banner-title-visibility":"","ast-main-header-display":"","ast-hfb-above-header-display":"","ast-hfb-below-header-display":"","ast-hfb-mobile-header-display":"","site-post-title":"","ast-breadcrumbs-content":"","ast-featured-img":"","footer-sml-layout":"","ast-disable-related-posts":"","theme-transparent-header-meta":"default","adv-header-id-meta":"","stick-header-meta":"","header-above-stick-meta":"","header-main-stick-meta":"","header-below-stick-meta":"","astra-migrate-meta-layouts":"set","ast-page-background-enabled":"default","ast-page-background-meta":{"desktop":{"background-color":"var(--ast-global-color-4)","background-image":"","background-repeat":"repeat","background-position":"center center","background-size":"auto","background-attachment":"scroll","background-type":"","background-media":"","overlay-type":"","overlay-color":"","overlay-opacity":"","overlay-gradient":""},"tablet":{"background-color":"","background-image":"","background-repeat":"repeat","background-position":"center center","background-size":"auto","background-attachment":"scroll","background-type":"","background-media":"","overlay-type":"","overlay-color":"","overlay-opacity":"","overlay-gradient":""},"mobile":{"background-color":"","background-image":"","background-repeat":"repeat","background-position":"center center","background-size":"auto","background-attachment":"scroll","background-type":"","background-media":"","overlay-type":"","overlay-color":"","overlay-opacity":"","overlay-gradient":""}},"ast-content-background-meta":{"desktop":{"background-color":"var(--ast-global-color-5)","background-image":"","background-repeat":"repeat","background-position":"center center","background-size":"auto","background-attachment":"scroll","background-type":"","background-media":"","overlay-type":"","overlay-color":"","overlay-opacity":"","overlay-gradient":""},"tablet":{"background-color":"var(--ast-global-color-5)","background-image":"","background-repeat":"repeat","background-position":"center center","background-size":"auto","background-attachment":"scroll","background-type":"","background-media":"","overlay-type":"","overlay-color":"","overlay-opacity":"","overlay-gradient":""},"mobile":{"background-color":"var(--ast-global-color-5)","background-image":"","background-repeat":"repeat","background-position":"center center","background-size":"auto","background-attachment":"scroll","background-type":"","background-media":"","overlay-type":"","overlay-color":"","overlay-opacity":"","overlay-gradient":""}}},"product_brand":[53],"product_cat":[100,92],"product_tag":[],"class_list":{"0":"post-7843","1":"product","2":"type-product","3":"status-publish","4":"has-post-thumbnail","6":"product_brand-bordate","7":"product_cat-unisexe-fr","8":"product_cat-vetements-fr","9":"desktop-align-left","10":"tablet-align-left","11":"mobile-align-left","13":"first","14":"instock","15":"taxable","16":"shipping-taxable","17":"purchasable","18":"product-type-simple"},"yoast_head":"<!-- This site is optimized with the Yoast SEO plugin v27.5 - https:\/\/yoast.com\/product\/yoast-seo-wordpress\/ -->\n<title>Landyard - Delta Judge<\/title>\n<meta name=\"robots\" content=\"index, follow, max-snippet:-1, max-image-preview:large, max-video-preview:-1\" \/>\n<link rel=\"canonical\" href=\"https:\/\/deltajudge.com\/fr\/producto\/landyard\" \/>\n<meta property=\"og:locale\" content=\"fr_FR\" \/>\n<meta property=\"og:type\" content=\"article\" \/>\n<meta property=\"og:title\" content=\"Landyard - Delta Judge\" \/>\n<meta property=\"og:description\" content=\"Le cordon officiel Delta Judge allie fonctionnalit\u00e9 et style pour garder vos badges et cartes \u00e0 port\u00e9e de main lors de vos \u00e9v\u00e9nements et comp\u00e9titions. Fabriqu\u00e9 \u00e0 partir de mat\u00e9riaux solides et durables, il offre un port confortable et s\u00fbr, parfait pour les professionnels et les juges \u00e0 la recherche de praticit\u00e9 et de qualit\u00e9.\" \/>\n<meta property=\"og:url\" content=\"https:\/\/deltajudge.com\/fr\/producto\/landyard\" \/>\n<meta property=\"og:site_name\" content=\"Delta Judge\" \/>\n<meta property=\"article:modified_time\" content=\"2025-06-25T11:22:16+00:00\" \/>\n<meta property=\"og:image\" content=\"https:\/\/deltajudge.com\/wp-content\/uploads\/2025\/06\/Landyard-oficial-Delta-Judge.jpg\" \/>\n\t<meta property=\"og:image:width\" content=\"1414\" \/>\n\t<meta property=\"og:image:height\" content=\"2000\" \/>\n\t<meta property=\"og:image:type\" content=\"image\/jpeg\" \/>\n<meta name=\"twitter:card\" content=\"summary_large_image\" \/>\n<meta name=\"twitter:label1\" content=\"Dur\u00e9e de lecture estim\u00e9e\" \/>\n\t<meta name=\"twitter:data1\" content=\"1 minute\" \/>\n<script type=\"application\/ld+json\" class=\"yoast-schema-graph\">{\"@context\":\"https:\\\/\\\/schema.org\",\"@graph\":[{\"@type\":\"WebPage\",\"@id\":\"https:\\\/\\\/deltajudge.com\\\/fr\\\/producto\\\/landyard\",\"url\":\"https:\\\/\\\/deltajudge.com\\\/fr\\\/producto\\\/landyard\",\"name\":\"Landyard - Delta Judge\",\"isPartOf\":{\"@id\":\"https:\\\/\\\/deltajudge.com\\\/fr\\\/#website\"},\"primaryImageOfPage\":{\"@id\":\"https:\\\/\\\/deltajudge.com\\\/fr\\\/producto\\\/landyard#primaryimage\"},\"image\":{\"@id\":\"https:\\\/\\\/deltajudge.com\\\/fr\\\/producto\\\/landyard#primaryimage\"},\"thumbnailUrl\":\"https:\\\/\\\/deltajudge.com\\\/wp-content\\\/uploads\\\/2025\\\/06\\\/Landyard-oficial-Delta-Judge.jpg\",\"datePublished\":\"2025-06-17T11:01:51+00:00\",\"dateModified\":\"2025-06-25T11:22:16+00:00\",\"breadcrumb\":{\"@id\":\"https:\\\/\\\/deltajudge.com\\\/fr\\\/producto\\\/landyard#breadcrumb\"},\"inLanguage\":\"fr-FR\",\"potentialAction\":[{\"@type\":\"ReadAction\",\"target\":[\"https:\\\/\\\/deltajudge.com\\\/fr\\\/producto\\\/landyard\"]}]},{\"@type\":\"ImageObject\",\"inLanguage\":\"fr-FR\",\"@id\":\"https:\\\/\\\/deltajudge.com\\\/fr\\\/producto\\\/landyard#primaryimage\",\"url\":\"https:\\\/\\\/deltajudge.com\\\/wp-content\\\/uploads\\\/2025\\\/06\\\/Landyard-oficial-Delta-Judge.jpg\",\"contentUrl\":\"https:\\\/\\\/deltajudge.com\\\/wp-content\\\/uploads\\\/2025\\\/06\\\/Landyard-oficial-Delta-Judge.jpg\",\"width\":1414,\"height\":2000,\"caption\":\"Landyard oficial Delta Judge\"},{\"@type\":\"BreadcrumbList\",\"@id\":\"https:\\\/\\\/deltajudge.com\\\/fr\\\/producto\\\/landyard#breadcrumb\",\"itemListElement\":[{\"@type\":\"ListItem\",\"position\":1,\"name\":\"Home\",\"item\":\"https:\\\/\\\/deltajudge.com\\\/\"},{\"@type\":\"ListItem\",\"position\":2,\"name\":\"Boutique\",\"item\":\"https:\\\/\\\/deltajudge.com\\\/fr\\\/boutique\"},{\"@type\":\"ListItem\",\"position\":3,\"name\":\"Landyard\"}]},{\"@type\":\"WebSite\",\"@id\":\"https:\\\/\\\/deltajudge.com\\\/fr\\\/#website\",\"url\":\"https:\\\/\\\/deltajudge.com\\\/fr\\\/\",\"name\":\"Delta Judge\",\"description\":\"\u00a1Queremos que tu competici\u00f3n sea exitosa! NOSOTROS SOMOS TU EQUIPO DE JUECES\",\"potentialAction\":[{\"@type\":\"SearchAction\",\"target\":{\"@type\":\"EntryPoint\",\"urlTemplate\":\"https:\\\/\\\/deltajudge.com\\\/fr\\\/?s={search_term_string}\"},\"query-input\":{\"@type\":\"PropertyValueSpecification\",\"valueRequired\":true,\"valueName\":\"search_term_string\"}}],\"inLanguage\":\"fr-FR\"}]}<\/script>\n<!-- \/ Yoast SEO plugin. -->","yoast_head_json":{"title":"Landyard - Delta Judge","robots":{"index":"index","follow":"follow","max-snippet":"max-snippet:-1","max-image-preview":"max-image-preview:large","max-video-preview":"max-video-preview:-1"},"canonical":"https:\/\/deltajudge.com\/fr\/producto\/landyard","og_locale":"fr_FR","og_type":"article","og_title":"Landyard - Delta Judge","og_description":"Le cordon officiel Delta Judge allie fonctionnalit\u00e9 et style pour garder vos badges et cartes \u00e0 port\u00e9e de main lors de vos \u00e9v\u00e9nements et comp\u00e9titions. Fabriqu\u00e9 \u00e0 partir de mat\u00e9riaux solides et durables, il offre un port confortable et s\u00fbr, parfait pour les professionnels et les juges \u00e0 la recherche de praticit\u00e9 et de qualit\u00e9.","og_url":"https:\/\/deltajudge.com\/fr\/producto\/landyard","og_site_name":"Delta Judge","article_modified_time":"2025-06-25T11:22:16+00:00","og_image":[{"width":1414,"height":2000,"url":"https:\/\/deltajudge.com\/wp-content\/uploads\/2025\/06\/Landyard-oficial-Delta-Judge.jpg","type":"image\/jpeg"}],"twitter_card":"summary_large_image","twitter_misc":{"Dur\u00e9e de lecture estim\u00e9e":"1 minute"},"schema":{"@context":"https:\/\/schema.org","@graph":[{"@type":"WebPage","@id":"https:\/\/deltajudge.com\/fr\/producto\/landyard","url":"https:\/\/deltajudge.com\/fr\/producto\/landyard","name":"Landyard - Delta Judge","isPartOf":{"@id":"https:\/\/deltajudge.com\/fr\/#website"},"primaryImageOfPage":{"@id":"https:\/\/deltajudge.com\/fr\/producto\/landyard#primaryimage"},"image":{"@id":"https:\/\/deltajudge.com\/fr\/producto\/landyard#primaryimage"},"thumbnailUrl":"https:\/\/deltajudge.com\/wp-content\/uploads\/2025\/06\/Landyard-oficial-Delta-Judge.jpg","datePublished":"2025-06-17T11:01:51+00:00","dateModified":"2025-06-25T11:22:16+00:00","breadcrumb":{"@id":"https:\/\/deltajudge.com\/fr\/producto\/landyard#breadcrumb"},"inLanguage":"fr-FR","potentialAction":[{"@type":"ReadAction","target":["https:\/\/deltajudge.com\/fr\/producto\/landyard"]}]},{"@type":"ImageObject","inLanguage":"fr-FR","@id":"https:\/\/deltajudge.com\/fr\/producto\/landyard#primaryimage","url":"https:\/\/deltajudge.com\/wp-content\/uploads\/2025\/06\/Landyard-oficial-Delta-Judge.jpg","contentUrl":"https:\/\/deltajudge.com\/wp-content\/uploads\/2025\/06\/Landyard-oficial-Delta-Judge.jpg","width":1414,"height":2000,"caption":"Landyard oficial Delta Judge"},{"@type":"BreadcrumbList","@id":"https:\/\/deltajudge.com\/fr\/producto\/landyard#breadcrumb","itemListElement":[{"@type":"ListItem","position":1,"name":"Home","item":"https:\/\/deltajudge.com\/"},{"@type":"ListItem","position":2,"name":"Boutique","item":"https:\/\/deltajudge.com\/fr\/boutique"},{"@type":"ListItem","position":3,"name":"Landyard"}]},{"@type":"WebSite","@id":"https:\/\/deltajudge.com\/fr\/#website","url":"https:\/\/deltajudge.com\/fr\/","name":"Delta Judge","description":"\u00a1Queremos que tu competici\u00f3n sea exitosa! NOSOTROS SOMOS TU EQUIPO DE JUECES","potentialAction":[{"@type":"SearchAction","target":{"@type":"EntryPoint","urlTemplate":"https:\/\/deltajudge.com\/fr\/?s={search_term_string}"},"query-input":{"@type":"PropertyValueSpecification","valueRequired":true,"valueName":"search_term_string"}}],"inLanguage":"fr-FR"}]}},"_links":{"self":[{"href":"https:\/\/deltajudge.com\/fr\/wp-json\/wp\/v2\/product\/7843","targetHints":{"allow":["GET"]}}],"collection":[{"href":"https:\/\/deltajudge.com\/fr\/wp-json\/wp\/v2\/product"}],"about":[{"href":"https:\/\/deltajudge.com\/fr\/wp-json\/wp\/v2\/types\/product"}],"replies":[{"embeddable":true,"href":"https:\/\/deltajudge.com\/fr\/wp-json\/wp\/v2\/comments?post=7843"}],"version-history":[{"count":2,"href":"https:\/\/deltajudge.com\/fr\/wp-json\/wp\/v2\/product\/7843\/revisions"}],"predecessor-version":[{"id":8035,"href":"https:\/\/deltajudge.com\/fr\/wp-json\/wp\/v2\/product\/7843\/revisions\/8035"}],"wp:featuredmedia":[{"embeddable":true,"href":"https:\/\/deltajudge.com\/fr\/wp-json\/wp\/v2\/media\/7787"}],"wp:attachment":[{"href":"https:\/\/deltajudge.com\/fr\/wp-json\/wp\/v2\/media?parent=7843"}],"wp:term":[{"taxonomy":"product_brand","embeddable":true,"href":"https:\/\/deltajudge.com\/fr\/wp-json\/wp\/v2\/product_brand?post=7843"},{"taxonomy":"product_cat","embeddable":true,"href":"https:\/\/deltajudge.com\/fr\/wp-json\/wp\/v2\/product_cat?post=7843"},{"taxonomy":"product_tag","embeddable":true,"href":"https:\/\/deltajudge.com\/fr\/wp-json\/wp\/v2\/product_tag?post=7843"}],"curies":[{"name":"wp","href":"https:\/\/api.w.org\/{rel}","templated":true}]}}