{"id":7837,"date":"2025-06-17T11:00:48","date_gmt":"2025-06-17T11:00:48","guid":{"rendered":"https:\/\/deltajudge.com\/producto\/sweat-a-capuche"},"modified":"2026-01-19T18:04:20","modified_gmt":"2026-01-19T18:04:20","slug":"sweat-a-capuche","status":"publish","type":"product","link":"https:\/\/deltajudge.com\/fr\/producto\/sweat-a-capuche","title":{"rendered":"Sweat \u00e0 capuche"},"content":{"rendered":"","protected":false},"excerpt":{"rendered":"<p>Sweat crop \u00e0 manches longues avec capuche, confortable et avec une touche sportive qui s&rsquo;adapte \u00e0 tous les looks. L\u00e9ger, polyvalent et facile \u00e0 porter, au quotidien comme en bo\u00eete. <\/p>\n","protected":false},"featured_media":7467,"comment_status":"open","ping_status":"closed","template":"","meta":{"site-sidebar-layout":"default","site-content-layout":"","ast-site-content-layout":"default","site-content-style":"default","site-sidebar-style":"default","ast-global-header-display":"","ast-banner-title-visibility":"","ast-main-header-display":"","ast-hfb-above-header-display":"","ast-hfb-below-header-display":"","ast-hfb-mobile-header-display":"","site-post-title":"","ast-breadcrumbs-content":"","ast-featured-img":"","footer-sml-layout":"","ast-disable-related-posts":"","theme-transparent-header-meta":"default","adv-header-id-meta":"","stick-header-meta":"","header-above-stick-meta":"","header-main-stick-meta":"","header-below-stick-meta":"","astra-migrate-meta-layouts":"set","ast-page-background-enabled":"default","ast-page-background-meta":{"desktop":{"background-color":"var(--ast-global-color-4)","background-image":"","background-repeat":"repeat","background-position":"center center","background-size":"auto","background-attachment":"scroll","background-type":"","background-media":"","overlay-type":"","overlay-color":"","overlay-opacity":"","overlay-gradient":""},"tablet":{"background-color":"","background-image":"","background-repeat":"repeat","background-position":"center center","background-size":"auto","background-attachment":"scroll","background-type":"","background-media":"","overlay-type":"","overlay-color":"","overlay-opacity":"","overlay-gradient":""},"mobile":{"background-color":"","background-image":"","background-repeat":"repeat","background-position":"center center","background-size":"auto","background-attachment":"scroll","background-type":"","background-media":"","overlay-type":"","overlay-color":"","overlay-opacity":"","overlay-gradient":""}},"ast-content-background-meta":{"desktop":{"background-color":"var(--ast-global-color-5)","background-image":"","background-repeat":"repeat","background-position":"center center","background-size":"auto","background-attachment":"scroll","background-type":"","background-media":"","overlay-type":"","overlay-color":"","overlay-opacity":"","overlay-gradient":""},"tablet":{"background-color":"var(--ast-global-color-5)","background-image":"","background-repeat":"repeat","background-position":"center center","background-size":"auto","background-attachment":"scroll","background-type":"","background-media":"","overlay-type":"","overlay-color":"","overlay-opacity":"","overlay-gradient":""},"mobile":{"background-color":"var(--ast-global-color-5)","background-image":"","background-repeat":"repeat","background-position":"center center","background-size":"auto","background-attachment":"scroll","background-type":"","background-media":"","overlay-type":"","overlay-color":"","overlay-opacity":"","overlay-gradient":""}}},"product_brand":[50],"product_cat":[97,92],"product_tag":[],"class_list":{"0":"post-7837","1":"product","2":"type-product","3":"status-publish","4":"has-post-thumbnail","6":"product_brand-picsil","7":"product_cat-femme-fr","8":"product_cat-vetements-fr","9":"desktop-align-left","10":"tablet-align-left","11":"mobile-align-left","13":"first","14":"instock","15":"taxable","16":"shipping-taxable","17":"purchasable","18":"product-type-variable"},"yoast_head":"<!-- This site is optimized with the Yoast SEO plugin v27.5 - https:\/\/yoast.com\/product\/yoast-seo-wordpress\/ -->\n<title>Sweat \u00e0 capuche - Delta Judge<\/title>\n<meta name=\"robots\" content=\"index, follow, max-snippet:-1, max-image-preview:large, max-video-preview:-1\" \/>\n<link rel=\"canonical\" href=\"https:\/\/deltajudge.com\/fr\/producto\/sweat-a-capuche\" \/>\n<meta property=\"og:locale\" content=\"fr_FR\" \/>\n<meta property=\"og:type\" content=\"article\" \/>\n<meta property=\"og:title\" content=\"Sweat \u00e0 capuche - Delta Judge\" \/>\n<meta property=\"og:description\" content=\"Sweat crop \u00e0 manches longues avec capuche, confortable et avec une touche sportive qui s&#039;adapte \u00e0 tous les looks. L\u00e9ger, polyvalent et facile \u00e0 porter, au quotidien comme en bo\u00eete.\" \/>\n<meta property=\"og:url\" content=\"https:\/\/deltajudge.com\/fr\/producto\/sweat-a-capuche\" \/>\n<meta property=\"og:site_name\" content=\"Delta Judge\" \/>\n<meta property=\"article:modified_time\" content=\"2026-01-19T18:04:20+00:00\" \/>\n<meta property=\"og:image\" content=\"https:\/\/deltajudge.com\/wp-content\/uploads\/2025\/06\/Crop-Hoodie-Negra-Picsil.jpg\" \/>\n\t<meta property=\"og:image:width\" content=\"1414\" \/>\n\t<meta property=\"og:image:height\" content=\"2000\" \/>\n\t<meta property=\"og:image:type\" content=\"image\/jpeg\" \/>\n<meta name=\"twitter:card\" content=\"summary_large_image\" \/>\n<meta name=\"twitter:label1\" content=\"Dur\u00e9e de lecture estim\u00e9e\" \/>\n\t<meta name=\"twitter:data1\" content=\"1 minute\" \/>\n<script type=\"application\/ld+json\" class=\"yoast-schema-graph\">{\"@context\":\"https:\\\/\\\/schema.org\",\"@graph\":[{\"@type\":\"WebPage\",\"@id\":\"https:\\\/\\\/deltajudge.com\\\/fr\\\/producto\\\/sweat-a-capuche\",\"url\":\"https:\\\/\\\/deltajudge.com\\\/fr\\\/producto\\\/sweat-a-capuche\",\"name\":\"Sweat \u00e0 capuche - Delta Judge\",\"isPartOf\":{\"@id\":\"https:\\\/\\\/deltajudge.com\\\/fr\\\/#website\"},\"primaryImageOfPage\":{\"@id\":\"https:\\\/\\\/deltajudge.com\\\/fr\\\/producto\\\/sweat-a-capuche#primaryimage\"},\"image\":{\"@id\":\"https:\\\/\\\/deltajudge.com\\\/fr\\\/producto\\\/sweat-a-capuche#primaryimage\"},\"thumbnailUrl\":\"https:\\\/\\\/deltajudge.com\\\/wp-content\\\/uploads\\\/2025\\\/06\\\/Crop-Hoodie-Negra-Picsil.jpg\",\"datePublished\":\"2025-06-17T11:00:48+00:00\",\"dateModified\":\"2026-01-19T18:04:20+00:00\",\"breadcrumb\":{\"@id\":\"https:\\\/\\\/deltajudge.com\\\/fr\\\/producto\\\/sweat-a-capuche#breadcrumb\"},\"inLanguage\":\"fr-FR\",\"potentialAction\":[{\"@type\":\"ReadAction\",\"target\":[\"https:\\\/\\\/deltajudge.com\\\/fr\\\/producto\\\/sweat-a-capuche\"]}]},{\"@type\":\"ImageObject\",\"inLanguage\":\"fr-FR\",\"@id\":\"https:\\\/\\\/deltajudge.com\\\/fr\\\/producto\\\/sweat-a-capuche#primaryimage\",\"url\":\"https:\\\/\\\/deltajudge.com\\\/wp-content\\\/uploads\\\/2025\\\/06\\\/Crop-Hoodie-Negra-Picsil.jpg\",\"contentUrl\":\"https:\\\/\\\/deltajudge.com\\\/wp-content\\\/uploads\\\/2025\\\/06\\\/Crop-Hoodie-Negra-Picsil.jpg\",\"width\":1414,\"height\":2000,\"caption\":\"Sweat \u00e0 capuche noir Picsil\"},{\"@type\":\"BreadcrumbList\",\"@id\":\"https:\\\/\\\/deltajudge.com\\\/fr\\\/producto\\\/sweat-a-capuche#breadcrumb\",\"itemListElement\":[{\"@type\":\"ListItem\",\"position\":1,\"name\":\"Home\",\"item\":\"https:\\\/\\\/deltajudge.com\\\/\"},{\"@type\":\"ListItem\",\"position\":2,\"name\":\"Boutique\",\"item\":\"https:\\\/\\\/deltajudge.com\\\/fr\\\/boutique\"},{\"@type\":\"ListItem\",\"position\":3,\"name\":\"Sweat \u00e0 capuche\"}]},{\"@type\":\"WebSite\",\"@id\":\"https:\\\/\\\/deltajudge.com\\\/fr\\\/#website\",\"url\":\"https:\\\/\\\/deltajudge.com\\\/fr\\\/\",\"name\":\"Delta Judge\",\"description\":\"\u00a1Queremos que tu competici\u00f3n sea exitosa! NOSOTROS SOMOS TU EQUIPO DE JUECES\",\"potentialAction\":[{\"@type\":\"SearchAction\",\"target\":{\"@type\":\"EntryPoint\",\"urlTemplate\":\"https:\\\/\\\/deltajudge.com\\\/fr\\\/?s={search_term_string}\"},\"query-input\":{\"@type\":\"PropertyValueSpecification\",\"valueRequired\":true,\"valueName\":\"search_term_string\"}}],\"inLanguage\":\"fr-FR\"}]}<\/script>\n<!-- \/ Yoast SEO plugin. -->","yoast_head_json":{"title":"Sweat \u00e0 capuche - Delta Judge","robots":{"index":"index","follow":"follow","max-snippet":"max-snippet:-1","max-image-preview":"max-image-preview:large","max-video-preview":"max-video-preview:-1"},"canonical":"https:\/\/deltajudge.com\/fr\/producto\/sweat-a-capuche","og_locale":"fr_FR","og_type":"article","og_title":"Sweat \u00e0 capuche - Delta Judge","og_description":"Sweat crop \u00e0 manches longues avec capuche, confortable et avec une touche sportive qui s'adapte \u00e0 tous les looks. L\u00e9ger, polyvalent et facile \u00e0 porter, au quotidien comme en bo\u00eete.","og_url":"https:\/\/deltajudge.com\/fr\/producto\/sweat-a-capuche","og_site_name":"Delta Judge","article_modified_time":"2026-01-19T18:04:20+00:00","og_image":[{"width":1414,"height":2000,"url":"https:\/\/deltajudge.com\/wp-content\/uploads\/2025\/06\/Crop-Hoodie-Negra-Picsil.jpg","type":"image\/jpeg"}],"twitter_card":"summary_large_image","twitter_misc":{"Dur\u00e9e de lecture estim\u00e9e":"1 minute"},"schema":{"@context":"https:\/\/schema.org","@graph":[{"@type":"WebPage","@id":"https:\/\/deltajudge.com\/fr\/producto\/sweat-a-capuche","url":"https:\/\/deltajudge.com\/fr\/producto\/sweat-a-capuche","name":"Sweat \u00e0 capuche - Delta Judge","isPartOf":{"@id":"https:\/\/deltajudge.com\/fr\/#website"},"primaryImageOfPage":{"@id":"https:\/\/deltajudge.com\/fr\/producto\/sweat-a-capuche#primaryimage"},"image":{"@id":"https:\/\/deltajudge.com\/fr\/producto\/sweat-a-capuche#primaryimage"},"thumbnailUrl":"https:\/\/deltajudge.com\/wp-content\/uploads\/2025\/06\/Crop-Hoodie-Negra-Picsil.jpg","datePublished":"2025-06-17T11:00:48+00:00","dateModified":"2026-01-19T18:04:20+00:00","breadcrumb":{"@id":"https:\/\/deltajudge.com\/fr\/producto\/sweat-a-capuche#breadcrumb"},"inLanguage":"fr-FR","potentialAction":[{"@type":"ReadAction","target":["https:\/\/deltajudge.com\/fr\/producto\/sweat-a-capuche"]}]},{"@type":"ImageObject","inLanguage":"fr-FR","@id":"https:\/\/deltajudge.com\/fr\/producto\/sweat-a-capuche#primaryimage","url":"https:\/\/deltajudge.com\/wp-content\/uploads\/2025\/06\/Crop-Hoodie-Negra-Picsil.jpg","contentUrl":"https:\/\/deltajudge.com\/wp-content\/uploads\/2025\/06\/Crop-Hoodie-Negra-Picsil.jpg","width":1414,"height":2000,"caption":"Sweat \u00e0 capuche noir Picsil"},{"@type":"BreadcrumbList","@id":"https:\/\/deltajudge.com\/fr\/producto\/sweat-a-capuche#breadcrumb","itemListElement":[{"@type":"ListItem","position":1,"name":"Home","item":"https:\/\/deltajudge.com\/"},{"@type":"ListItem","position":2,"name":"Boutique","item":"https:\/\/deltajudge.com\/fr\/boutique"},{"@type":"ListItem","position":3,"name":"Sweat \u00e0 capuche"}]},{"@type":"WebSite","@id":"https:\/\/deltajudge.com\/fr\/#website","url":"https:\/\/deltajudge.com\/fr\/","name":"Delta Judge","description":"\u00a1Queremos que tu competici\u00f3n sea exitosa! NOSOTROS SOMOS TU EQUIPO DE JUECES","potentialAction":[{"@type":"SearchAction","target":{"@type":"EntryPoint","urlTemplate":"https:\/\/deltajudge.com\/fr\/?s={search_term_string}"},"query-input":{"@type":"PropertyValueSpecification","valueRequired":true,"valueName":"search_term_string"}}],"inLanguage":"fr-FR"}]}},"_links":{"self":[{"href":"https:\/\/deltajudge.com\/fr\/wp-json\/wp\/v2\/product\/7837","targetHints":{"allow":["GET"]}}],"collection":[{"href":"https:\/\/deltajudge.com\/fr\/wp-json\/wp\/v2\/product"}],"about":[{"href":"https:\/\/deltajudge.com\/fr\/wp-json\/wp\/v2\/types\/product"}],"replies":[{"embeddable":true,"href":"https:\/\/deltajudge.com\/fr\/wp-json\/wp\/v2\/comments?post=7837"}],"version-history":[{"count":5,"href":"https:\/\/deltajudge.com\/fr\/wp-json\/wp\/v2\/product\/7837\/revisions"}],"predecessor-version":[{"id":8716,"href":"https:\/\/deltajudge.com\/fr\/wp-json\/wp\/v2\/product\/7837\/revisions\/8716"}],"wp:featuredmedia":[{"embeddable":true,"href":"https:\/\/deltajudge.com\/fr\/wp-json\/wp\/v2\/media\/7467"}],"wp:attachment":[{"href":"https:\/\/deltajudge.com\/fr\/wp-json\/wp\/v2\/media?parent=7837"}],"wp:term":[{"taxonomy":"product_brand","embeddable":true,"href":"https:\/\/deltajudge.com\/fr\/wp-json\/wp\/v2\/product_brand?post=7837"},{"taxonomy":"product_cat","embeddable":true,"href":"https:\/\/deltajudge.com\/fr\/wp-json\/wp\/v2\/product_cat?post=7837"},{"taxonomy":"product_tag","embeddable":true,"href":"https:\/\/deltajudge.com\/fr\/wp-json\/wp\/v2\/product_tag?post=7837"}],"curies":[{"name":"wp","href":"https:\/\/api.w.org\/{rel}","templated":true}]}}