{"id":7825,"date":"2025-06-17T10:59:38","date_gmt":"2025-06-17T10:59:38","guid":{"rendered":"https:\/\/deltajudge.com\/producto\/crop-top-oversize"},"modified":"2025-06-25T11:53:09","modified_gmt":"2025-06-25T11:53:09","slug":"crop-top-oversize","status":"publish","type":"product","link":"https:\/\/deltajudge.com\/fr\/producto\/crop-top-oversize","title":{"rendered":"Crop Top Oversize"},"content":{"rendered":"","protected":false},"excerpt":{"rendered":"<p>Pens\u00e9e pour le confort et un style \u00e9pur\u00e9, cette pi\u00e8ce polyvalente vous accompagne aussi bien \u00e0 l\u2019entra\u00eenement qu\u2019au quotidien.<\/p>\n<p>Le logo Delta, subtilement trac\u00e9 au dos, lui conf\u00e8re une signature discr\u00e8te.<\/p>\n<p><strong>Couleur : gris fonc\u00e9 et rose<\/strong><\/p>\n","protected":false},"featured_media":7579,"comment_status":"open","ping_status":"closed","template":"","meta":{"site-sidebar-layout":"default","site-content-layout":"","ast-site-content-layout":"default","site-content-style":"default","site-sidebar-style":"default","ast-global-header-display":"","ast-banner-title-visibility":"","ast-main-header-display":"","ast-hfb-above-header-display":"","ast-hfb-below-header-display":"","ast-hfb-mobile-header-display":"","site-post-title":"","ast-breadcrumbs-content":"","ast-featured-img":"","footer-sml-layout":"","ast-disable-related-posts":"","theme-transparent-header-meta":"default","adv-header-id-meta":"","stick-header-meta":"","header-above-stick-meta":"","header-main-stick-meta":"","header-below-stick-meta":"","astra-migrate-meta-layouts":"set","ast-page-background-enabled":"default","ast-page-background-meta":{"desktop":{"background-color":"var(--ast-global-color-4)","background-image":"","background-repeat":"repeat","background-position":"center center","background-size":"auto","background-attachment":"scroll","background-type":"","background-media":"","overlay-type":"","overlay-color":"","overlay-opacity":"","overlay-gradient":""},"tablet":{"background-color":"","background-image":"","background-repeat":"repeat","background-position":"center center","background-size":"auto","background-attachment":"scroll","background-type":"","background-media":"","overlay-type":"","overlay-color":"","overlay-opacity":"","overlay-gradient":""},"mobile":{"background-color":"","background-image":"","background-repeat":"repeat","background-position":"center center","background-size":"auto","background-attachment":"scroll","background-type":"","background-media":"","overlay-type":"","overlay-color":"","overlay-opacity":"","overlay-gradient":""}},"ast-content-background-meta":{"desktop":{"background-color":"var(--ast-global-color-5)","background-image":"","background-repeat":"repeat","background-position":"center center","background-size":"auto","background-attachment":"scroll","background-type":"","background-media":"","overlay-type":"","overlay-color":"","overlay-opacity":"","overlay-gradient":""},"tablet":{"background-color":"var(--ast-global-color-5)","background-image":"","background-repeat":"repeat","background-position":"center center","background-size":"auto","background-attachment":"scroll","background-type":"","background-media":"","overlay-type":"","overlay-color":"","overlay-opacity":"","overlay-gradient":""},"mobile":{"background-color":"var(--ast-global-color-5)","background-image":"","background-repeat":"repeat","background-position":"center center","background-size":"auto","background-attachment":"scroll","background-type":"","background-media":"","overlay-type":"","overlay-color":"","overlay-opacity":"","overlay-gradient":""}}},"product_brand":[51],"product_cat":[97,92],"product_tag":[],"class_list":{"0":"post-7825","1":"product","2":"type-product","3":"status-publish","4":"has-post-thumbnail","6":"product_brand-patapalo","7":"product_cat-femme-fr","8":"product_cat-vetements-fr","9":"desktop-align-left","10":"tablet-align-left","11":"mobile-align-left","13":"first","14":"instock","15":"taxable","16":"shipping-taxable","17":"purchasable","18":"product-type-variable"},"yoast_head":"<!-- This site is optimized with the Yoast SEO plugin v27.5 - https:\/\/yoast.com\/product\/yoast-seo-wordpress\/ -->\n<title>Crop Top Oversize - Delta Judge<\/title>\n<meta name=\"robots\" content=\"index, follow, max-snippet:-1, max-image-preview:large, max-video-preview:-1\" \/>\n<link rel=\"canonical\" href=\"https:\/\/deltajudge.com\/fr\/producto\/crop-top-oversize\" \/>\n<meta property=\"og:locale\" content=\"fr_FR\" \/>\n<meta property=\"og:type\" content=\"article\" \/>\n<meta property=\"og:title\" content=\"Crop Top Oversize - Delta Judge\" \/>\n<meta property=\"og:description\" content=\"Pens\u00e9e pour le confort et un style \u00e9pur\u00e9, cette pi\u00e8ce polyvalente vous accompagne aussi bien \u00e0 l\u2019entra\u00eenement qu\u2019au quotidien.  Le logo Delta, subtilement trac\u00e9 au dos, lui conf\u00e8re une signature discr\u00e8te.  Couleur : gris fonc\u00e9 et rose\" \/>\n<meta property=\"og:url\" content=\"https:\/\/deltajudge.com\/fr\/producto\/crop-top-oversize\" \/>\n<meta property=\"og:site_name\" content=\"Delta Judge\" \/>\n<meta property=\"article:modified_time\" content=\"2025-06-25T11:53:09+00:00\" \/>\n<meta property=\"og:image\" content=\"https:\/\/deltajudge.com\/wp-content\/uploads\/2025\/06\/Camiseta-Oversize-mujer-gris.jpg\" \/>\n\t<meta property=\"og:image:width\" content=\"1414\" \/>\n\t<meta property=\"og:image:height\" content=\"2000\" \/>\n\t<meta property=\"og:image:type\" content=\"image\/jpeg\" \/>\n<meta name=\"twitter:card\" content=\"summary_large_image\" \/>\n<meta name=\"twitter:label1\" content=\"Dur\u00e9e de lecture estim\u00e9e\" \/>\n\t<meta name=\"twitter:data1\" content=\"1 minute\" \/>\n<script type=\"application\/ld+json\" class=\"yoast-schema-graph\">{\"@context\":\"https:\\\/\\\/schema.org\",\"@graph\":[{\"@type\":\"WebPage\",\"@id\":\"https:\\\/\\\/deltajudge.com\\\/fr\\\/producto\\\/crop-top-oversize\",\"url\":\"https:\\\/\\\/deltajudge.com\\\/fr\\\/producto\\\/crop-top-oversize\",\"name\":\"Crop Top Oversize - Delta Judge\",\"isPartOf\":{\"@id\":\"https:\\\/\\\/deltajudge.com\\\/fr\\\/#website\"},\"primaryImageOfPage\":{\"@id\":\"https:\\\/\\\/deltajudge.com\\\/fr\\\/producto\\\/crop-top-oversize#primaryimage\"},\"image\":{\"@id\":\"https:\\\/\\\/deltajudge.com\\\/fr\\\/producto\\\/crop-top-oversize#primaryimage\"},\"thumbnailUrl\":\"https:\\\/\\\/deltajudge.com\\\/wp-content\\\/uploads\\\/2025\\\/06\\\/Camiseta-Oversize-mujer-gris.jpg\",\"datePublished\":\"2025-06-17T10:59:38+00:00\",\"dateModified\":\"2025-06-25T11:53:09+00:00\",\"breadcrumb\":{\"@id\":\"https:\\\/\\\/deltajudge.com\\\/fr\\\/producto\\\/crop-top-oversize#breadcrumb\"},\"inLanguage\":\"fr-FR\",\"potentialAction\":[{\"@type\":\"ReadAction\",\"target\":[\"https:\\\/\\\/deltajudge.com\\\/fr\\\/producto\\\/crop-top-oversize\"]}]},{\"@type\":\"ImageObject\",\"inLanguage\":\"fr-FR\",\"@id\":\"https:\\\/\\\/deltajudge.com\\\/fr\\\/producto\\\/crop-top-oversize#primaryimage\",\"url\":\"https:\\\/\\\/deltajudge.com\\\/wp-content\\\/uploads\\\/2025\\\/06\\\/Camiseta-Oversize-mujer-gris.jpg\",\"contentUrl\":\"https:\\\/\\\/deltajudge.com\\\/wp-content\\\/uploads\\\/2025\\\/06\\\/Camiseta-Oversize-mujer-gris.jpg\",\"width\":1414,\"height\":2000,\"caption\":\"Crop Top Oversize mujer\"},{\"@type\":\"BreadcrumbList\",\"@id\":\"https:\\\/\\\/deltajudge.com\\\/fr\\\/producto\\\/crop-top-oversize#breadcrumb\",\"itemListElement\":[{\"@type\":\"ListItem\",\"position\":1,\"name\":\"Home\",\"item\":\"https:\\\/\\\/deltajudge.com\\\/\"},{\"@type\":\"ListItem\",\"position\":2,\"name\":\"Boutique\",\"item\":\"https:\\\/\\\/deltajudge.com\\\/fr\\\/boutique\"},{\"@type\":\"ListItem\",\"position\":3,\"name\":\"Crop Top Oversize\"}]},{\"@type\":\"WebSite\",\"@id\":\"https:\\\/\\\/deltajudge.com\\\/fr\\\/#website\",\"url\":\"https:\\\/\\\/deltajudge.com\\\/fr\\\/\",\"name\":\"Delta Judge\",\"description\":\"\u00a1Queremos que tu competici\u00f3n sea exitosa! NOSOTROS SOMOS TU EQUIPO DE JUECES\",\"potentialAction\":[{\"@type\":\"SearchAction\",\"target\":{\"@type\":\"EntryPoint\",\"urlTemplate\":\"https:\\\/\\\/deltajudge.com\\\/fr\\\/?s={search_term_string}\"},\"query-input\":{\"@type\":\"PropertyValueSpecification\",\"valueRequired\":true,\"valueName\":\"search_term_string\"}}],\"inLanguage\":\"fr-FR\"}]}<\/script>\n<!-- \/ Yoast SEO plugin. -->","yoast_head_json":{"title":"Crop Top Oversize - Delta Judge","robots":{"index":"index","follow":"follow","max-snippet":"max-snippet:-1","max-image-preview":"max-image-preview:large","max-video-preview":"max-video-preview:-1"},"canonical":"https:\/\/deltajudge.com\/fr\/producto\/crop-top-oversize","og_locale":"fr_FR","og_type":"article","og_title":"Crop Top Oversize - Delta Judge","og_description":"Pens\u00e9e pour le confort et un style \u00e9pur\u00e9, cette pi\u00e8ce polyvalente vous accompagne aussi bien \u00e0 l\u2019entra\u00eenement qu\u2019au quotidien.  Le logo Delta, subtilement trac\u00e9 au dos, lui conf\u00e8re une signature discr\u00e8te.  Couleur : gris fonc\u00e9 et rose","og_url":"https:\/\/deltajudge.com\/fr\/producto\/crop-top-oversize","og_site_name":"Delta Judge","article_modified_time":"2025-06-25T11:53:09+00:00","og_image":[{"width":1414,"height":2000,"url":"https:\/\/deltajudge.com\/wp-content\/uploads\/2025\/06\/Camiseta-Oversize-mujer-gris.jpg","type":"image\/jpeg"}],"twitter_card":"summary_large_image","twitter_misc":{"Dur\u00e9e de lecture estim\u00e9e":"1 minute"},"schema":{"@context":"https:\/\/schema.org","@graph":[{"@type":"WebPage","@id":"https:\/\/deltajudge.com\/fr\/producto\/crop-top-oversize","url":"https:\/\/deltajudge.com\/fr\/producto\/crop-top-oversize","name":"Crop Top Oversize - Delta Judge","isPartOf":{"@id":"https:\/\/deltajudge.com\/fr\/#website"},"primaryImageOfPage":{"@id":"https:\/\/deltajudge.com\/fr\/producto\/crop-top-oversize#primaryimage"},"image":{"@id":"https:\/\/deltajudge.com\/fr\/producto\/crop-top-oversize#primaryimage"},"thumbnailUrl":"https:\/\/deltajudge.com\/wp-content\/uploads\/2025\/06\/Camiseta-Oversize-mujer-gris.jpg","datePublished":"2025-06-17T10:59:38+00:00","dateModified":"2025-06-25T11:53:09+00:00","breadcrumb":{"@id":"https:\/\/deltajudge.com\/fr\/producto\/crop-top-oversize#breadcrumb"},"inLanguage":"fr-FR","potentialAction":[{"@type":"ReadAction","target":["https:\/\/deltajudge.com\/fr\/producto\/crop-top-oversize"]}]},{"@type":"ImageObject","inLanguage":"fr-FR","@id":"https:\/\/deltajudge.com\/fr\/producto\/crop-top-oversize#primaryimage","url":"https:\/\/deltajudge.com\/wp-content\/uploads\/2025\/06\/Camiseta-Oversize-mujer-gris.jpg","contentUrl":"https:\/\/deltajudge.com\/wp-content\/uploads\/2025\/06\/Camiseta-Oversize-mujer-gris.jpg","width":1414,"height":2000,"caption":"Crop Top Oversize mujer"},{"@type":"BreadcrumbList","@id":"https:\/\/deltajudge.com\/fr\/producto\/crop-top-oversize#breadcrumb","itemListElement":[{"@type":"ListItem","position":1,"name":"Home","item":"https:\/\/deltajudge.com\/"},{"@type":"ListItem","position":2,"name":"Boutique","item":"https:\/\/deltajudge.com\/fr\/boutique"},{"@type":"ListItem","position":3,"name":"Crop Top Oversize"}]},{"@type":"WebSite","@id":"https:\/\/deltajudge.com\/fr\/#website","url":"https:\/\/deltajudge.com\/fr\/","name":"Delta Judge","description":"\u00a1Queremos que tu competici\u00f3n sea exitosa! NOSOTROS SOMOS TU EQUIPO DE JUECES","potentialAction":[{"@type":"SearchAction","target":{"@type":"EntryPoint","urlTemplate":"https:\/\/deltajudge.com\/fr\/?s={search_term_string}"},"query-input":{"@type":"PropertyValueSpecification","valueRequired":true,"valueName":"search_term_string"}}],"inLanguage":"fr-FR"}]}},"_links":{"self":[{"href":"https:\/\/deltajudge.com\/fr\/wp-json\/wp\/v2\/product\/7825","targetHints":{"allow":["GET"]}}],"collection":[{"href":"https:\/\/deltajudge.com\/fr\/wp-json\/wp\/v2\/product"}],"about":[{"href":"https:\/\/deltajudge.com\/fr\/wp-json\/wp\/v2\/types\/product"}],"replies":[{"embeddable":true,"href":"https:\/\/deltajudge.com\/fr\/wp-json\/wp\/v2\/comments?post=7825"}],"version-history":[{"count":1,"href":"https:\/\/deltajudge.com\/fr\/wp-json\/wp\/v2\/product\/7825\/revisions"}],"predecessor-version":[{"id":8046,"href":"https:\/\/deltajudge.com\/fr\/wp-json\/wp\/v2\/product\/7825\/revisions\/8046"}],"wp:featuredmedia":[{"embeddable":true,"href":"https:\/\/deltajudge.com\/fr\/wp-json\/wp\/v2\/media\/7579"}],"wp:attachment":[{"href":"https:\/\/deltajudge.com\/fr\/wp-json\/wp\/v2\/media?parent=7825"}],"wp:term":[{"taxonomy":"product_brand","embeddable":true,"href":"https:\/\/deltajudge.com\/fr\/wp-json\/wp\/v2\/product_brand?post=7825"},{"taxonomy":"product_cat","embeddable":true,"href":"https:\/\/deltajudge.com\/fr\/wp-json\/wp\/v2\/product_cat?post=7825"},{"taxonomy":"product_tag","embeddable":true,"href":"https:\/\/deltajudge.com\/fr\/wp-json\/wp\/v2\/product_tag?post=7825"}],"curies":[{"name":"wp","href":"https:\/\/api.w.org\/{rel}","templated":true}]}}