{"id":7821,"date":"2025-06-17T10:59:22","date_gmt":"2025-06-17T10:59:22","guid":{"rendered":"https:\/\/deltajudge.com\/producto\/t-shirt-oversize-pour-hommes"},"modified":"2025-06-25T16:07:13","modified_gmt":"2025-06-25T16:07:13","slug":"t-shirt-oversize-pour-hommes","status":"publish","type":"product","link":"https:\/\/deltajudge.com\/fr\/producto\/t-shirt-oversize-pour-hommes","title":{"rendered":"T-shirt oversize pour hommes"},"content":{"rendered":"","protected":false},"excerpt":{"rendered":"<p>Ce t-shirt oversize, confortable et \u00e0 la coupe moderne, est parfait au quotidien ou pour compl\u00e9ter un look sportif.<\/p>\n<p>Le logo Delta finement dessin\u00e9 dans le dos lui donne un aspect discret et unique.<\/p>\n","protected":false},"featured_media":7542,"comment_status":"open","ping_status":"closed","template":"","meta":{"site-sidebar-layout":"default","site-content-layout":"","ast-site-content-layout":"default","site-content-style":"default","site-sidebar-style":"default","ast-global-header-display":"","ast-banner-title-visibility":"","ast-main-header-display":"","ast-hfb-above-header-display":"","ast-hfb-below-header-display":"","ast-hfb-mobile-header-display":"","site-post-title":"","ast-breadcrumbs-content":"","ast-featured-img":"","footer-sml-layout":"","ast-disable-related-posts":"","theme-transparent-header-meta":"default","adv-header-id-meta":"","stick-header-meta":"","header-above-stick-meta":"","header-main-stick-meta":"","header-below-stick-meta":"","astra-migrate-meta-layouts":"set","ast-page-background-enabled":"default","ast-page-background-meta":{"desktop":{"background-color":"var(--ast-global-color-4)","background-image":"","background-repeat":"repeat","background-position":"center center","background-size":"auto","background-attachment":"scroll","background-type":"","background-media":"","overlay-type":"","overlay-color":"","overlay-opacity":"","overlay-gradient":""},"tablet":{"background-color":"","background-image":"","background-repeat":"repeat","background-position":"center center","background-size":"auto","background-attachment":"scroll","background-type":"","background-media":"","overlay-type":"","overlay-color":"","overlay-opacity":"","overlay-gradient":""},"mobile":{"background-color":"","background-image":"","background-repeat":"repeat","background-position":"center center","background-size":"auto","background-attachment":"scroll","background-type":"","background-media":"","overlay-type":"","overlay-color":"","overlay-opacity":"","overlay-gradient":""}},"ast-content-background-meta":{"desktop":{"background-color":"var(--ast-global-color-5)","background-image":"","background-repeat":"repeat","background-position":"center center","background-size":"auto","background-attachment":"scroll","background-type":"","background-media":"","overlay-type":"","overlay-color":"","overlay-opacity":"","overlay-gradient":""},"tablet":{"background-color":"var(--ast-global-color-5)","background-image":"","background-repeat":"repeat","background-position":"center center","background-size":"auto","background-attachment":"scroll","background-type":"","background-media":"","overlay-type":"","overlay-color":"","overlay-opacity":"","overlay-gradient":""},"mobile":{"background-color":"var(--ast-global-color-5)","background-image":"","background-repeat":"repeat","background-position":"center center","background-size":"auto","background-attachment":"scroll","background-type":"","background-media":"","overlay-type":"","overlay-color":"","overlay-opacity":"","overlay-gradient":""}}},"product_brand":[51],"product_cat":[91,92],"product_tag":[],"class_list":{"0":"post-7821","1":"product","2":"type-product","3":"status-publish","4":"has-post-thumbnail","6":"product_brand-patapalo","7":"product_cat-lhomme","8":"product_cat-vetements-fr","9":"desktop-align-left","10":"tablet-align-left","11":"mobile-align-left","13":"first","14":"instock","15":"taxable","16":"shipping-taxable","17":"purchasable","18":"product-type-variable"},"yoast_head":"<!-- This site is optimized with the Yoast SEO plugin v27.5 - https:\/\/yoast.com\/product\/yoast-seo-wordpress\/ -->\n<title>T-shirt oversize pour hommes - Delta Judge<\/title>\n<meta name=\"robots\" content=\"index, follow, max-snippet:-1, max-image-preview:large, max-video-preview:-1\" \/>\n<link rel=\"canonical\" href=\"https:\/\/deltajudge.com\/fr\/producto\/t-shirt-oversize-pour-hommes\" \/>\n<meta property=\"og:locale\" content=\"fr_FR\" \/>\n<meta property=\"og:type\" content=\"article\" \/>\n<meta property=\"og:title\" content=\"T-shirt oversize pour hommes - Delta Judge\" \/>\n<meta property=\"og:description\" content=\"Ce t-shirt oversize, confortable et \u00e0 la coupe moderne, est parfait au quotidien ou pour compl\u00e9ter un look sportif.  Le logo Delta finement dessin\u00e9 dans le dos lui donne un aspect discret et unique.\" \/>\n<meta property=\"og:url\" content=\"https:\/\/deltajudge.com\/fr\/producto\/t-shirt-oversize-pour-hommes\" \/>\n<meta property=\"og:site_name\" content=\"Delta Judge\" \/>\n<meta property=\"article:modified_time\" content=\"2025-06-25T16:07:13+00:00\" \/>\n<meta property=\"og:image\" content=\"https:\/\/deltajudge.com\/wp-content\/uploads\/2025\/06\/Camiseta-Oversize-Hombre.jpg\" \/>\n\t<meta property=\"og:image:width\" content=\"1414\" \/>\n\t<meta property=\"og:image:height\" content=\"2000\" \/>\n\t<meta property=\"og:image:type\" content=\"image\/jpeg\" \/>\n<meta name=\"twitter:card\" content=\"summary_large_image\" \/>\n<meta name=\"twitter:label1\" content=\"Dur\u00e9e de lecture estim\u00e9e\" \/>\n\t<meta name=\"twitter:data1\" content=\"1 minute\" \/>\n<script type=\"application\/ld+json\" class=\"yoast-schema-graph\">{\"@context\":\"https:\\\/\\\/schema.org\",\"@graph\":[{\"@type\":\"WebPage\",\"@id\":\"https:\\\/\\\/deltajudge.com\\\/fr\\\/producto\\\/t-shirt-oversize-pour-hommes\",\"url\":\"https:\\\/\\\/deltajudge.com\\\/fr\\\/producto\\\/t-shirt-oversize-pour-hommes\",\"name\":\"T-shirt oversize pour hommes - Delta Judge\",\"isPartOf\":{\"@id\":\"https:\\\/\\\/deltajudge.com\\\/fr\\\/#website\"},\"primaryImageOfPage\":{\"@id\":\"https:\\\/\\\/deltajudge.com\\\/fr\\\/producto\\\/t-shirt-oversize-pour-hommes#primaryimage\"},\"image\":{\"@id\":\"https:\\\/\\\/deltajudge.com\\\/fr\\\/producto\\\/t-shirt-oversize-pour-hommes#primaryimage\"},\"thumbnailUrl\":\"https:\\\/\\\/deltajudge.com\\\/wp-content\\\/uploads\\\/2025\\\/06\\\/Camiseta-Oversize-Hombre.jpg\",\"datePublished\":\"2025-06-17T10:59:22+00:00\",\"dateModified\":\"2025-06-25T16:07:13+00:00\",\"breadcrumb\":{\"@id\":\"https:\\\/\\\/deltajudge.com\\\/fr\\\/producto\\\/t-shirt-oversize-pour-hommes#breadcrumb\"},\"inLanguage\":\"fr-FR\",\"potentialAction\":[{\"@type\":\"ReadAction\",\"target\":[\"https:\\\/\\\/deltajudge.com\\\/fr\\\/producto\\\/t-shirt-oversize-pour-hommes\"]}]},{\"@type\":\"ImageObject\",\"inLanguage\":\"fr-FR\",\"@id\":\"https:\\\/\\\/deltajudge.com\\\/fr\\\/producto\\\/t-shirt-oversize-pour-hommes#primaryimage\",\"url\":\"https:\\\/\\\/deltajudge.com\\\/wp-content\\\/uploads\\\/2025\\\/06\\\/Camiseta-Oversize-Hombre.jpg\",\"contentUrl\":\"https:\\\/\\\/deltajudge.com\\\/wp-content\\\/uploads\\\/2025\\\/06\\\/Camiseta-Oversize-Hombre.jpg\",\"width\":1414,\"height\":2000,\"caption\":\"Camiseta Oversize hombre patapalo\"},{\"@type\":\"BreadcrumbList\",\"@id\":\"https:\\\/\\\/deltajudge.com\\\/fr\\\/producto\\\/t-shirt-oversize-pour-hommes#breadcrumb\",\"itemListElement\":[{\"@type\":\"ListItem\",\"position\":1,\"name\":\"Home\",\"item\":\"https:\\\/\\\/deltajudge.com\\\/\"},{\"@type\":\"ListItem\",\"position\":2,\"name\":\"Boutique\",\"item\":\"https:\\\/\\\/deltajudge.com\\\/fr\\\/boutique\"},{\"@type\":\"ListItem\",\"position\":3,\"name\":\"T-shirt oversize pour hommes\"}]},{\"@type\":\"WebSite\",\"@id\":\"https:\\\/\\\/deltajudge.com\\\/fr\\\/#website\",\"url\":\"https:\\\/\\\/deltajudge.com\\\/fr\\\/\",\"name\":\"Delta Judge\",\"description\":\"\u00a1Queremos que tu competici\u00f3n sea exitosa! NOSOTROS SOMOS TU EQUIPO DE JUECES\",\"potentialAction\":[{\"@type\":\"SearchAction\",\"target\":{\"@type\":\"EntryPoint\",\"urlTemplate\":\"https:\\\/\\\/deltajudge.com\\\/fr\\\/?s={search_term_string}\"},\"query-input\":{\"@type\":\"PropertyValueSpecification\",\"valueRequired\":true,\"valueName\":\"search_term_string\"}}],\"inLanguage\":\"fr-FR\"}]}<\/script>\n<!-- \/ Yoast SEO plugin. -->","yoast_head_json":{"title":"T-shirt oversize pour hommes - Delta Judge","robots":{"index":"index","follow":"follow","max-snippet":"max-snippet:-1","max-image-preview":"max-image-preview:large","max-video-preview":"max-video-preview:-1"},"canonical":"https:\/\/deltajudge.com\/fr\/producto\/t-shirt-oversize-pour-hommes","og_locale":"fr_FR","og_type":"article","og_title":"T-shirt oversize pour hommes - Delta Judge","og_description":"Ce t-shirt oversize, confortable et \u00e0 la coupe moderne, est parfait au quotidien ou pour compl\u00e9ter un look sportif.  Le logo Delta finement dessin\u00e9 dans le dos lui donne un aspect discret et unique.","og_url":"https:\/\/deltajudge.com\/fr\/producto\/t-shirt-oversize-pour-hommes","og_site_name":"Delta Judge","article_modified_time":"2025-06-25T16:07:13+00:00","og_image":[{"width":1414,"height":2000,"url":"https:\/\/deltajudge.com\/wp-content\/uploads\/2025\/06\/Camiseta-Oversize-Hombre.jpg","type":"image\/jpeg"}],"twitter_card":"summary_large_image","twitter_misc":{"Dur\u00e9e de lecture estim\u00e9e":"1 minute"},"schema":{"@context":"https:\/\/schema.org","@graph":[{"@type":"WebPage","@id":"https:\/\/deltajudge.com\/fr\/producto\/t-shirt-oversize-pour-hommes","url":"https:\/\/deltajudge.com\/fr\/producto\/t-shirt-oversize-pour-hommes","name":"T-shirt oversize pour hommes - Delta Judge","isPartOf":{"@id":"https:\/\/deltajudge.com\/fr\/#website"},"primaryImageOfPage":{"@id":"https:\/\/deltajudge.com\/fr\/producto\/t-shirt-oversize-pour-hommes#primaryimage"},"image":{"@id":"https:\/\/deltajudge.com\/fr\/producto\/t-shirt-oversize-pour-hommes#primaryimage"},"thumbnailUrl":"https:\/\/deltajudge.com\/wp-content\/uploads\/2025\/06\/Camiseta-Oversize-Hombre.jpg","datePublished":"2025-06-17T10:59:22+00:00","dateModified":"2025-06-25T16:07:13+00:00","breadcrumb":{"@id":"https:\/\/deltajudge.com\/fr\/producto\/t-shirt-oversize-pour-hommes#breadcrumb"},"inLanguage":"fr-FR","potentialAction":[{"@type":"ReadAction","target":["https:\/\/deltajudge.com\/fr\/producto\/t-shirt-oversize-pour-hommes"]}]},{"@type":"ImageObject","inLanguage":"fr-FR","@id":"https:\/\/deltajudge.com\/fr\/producto\/t-shirt-oversize-pour-hommes#primaryimage","url":"https:\/\/deltajudge.com\/wp-content\/uploads\/2025\/06\/Camiseta-Oversize-Hombre.jpg","contentUrl":"https:\/\/deltajudge.com\/wp-content\/uploads\/2025\/06\/Camiseta-Oversize-Hombre.jpg","width":1414,"height":2000,"caption":"Camiseta Oversize hombre patapalo"},{"@type":"BreadcrumbList","@id":"https:\/\/deltajudge.com\/fr\/producto\/t-shirt-oversize-pour-hommes#breadcrumb","itemListElement":[{"@type":"ListItem","position":1,"name":"Home","item":"https:\/\/deltajudge.com\/"},{"@type":"ListItem","position":2,"name":"Boutique","item":"https:\/\/deltajudge.com\/fr\/boutique"},{"@type":"ListItem","position":3,"name":"T-shirt oversize pour hommes"}]},{"@type":"WebSite","@id":"https:\/\/deltajudge.com\/fr\/#website","url":"https:\/\/deltajudge.com\/fr\/","name":"Delta Judge","description":"\u00a1Queremos que tu competici\u00f3n sea exitosa! NOSOTROS SOMOS TU EQUIPO DE JUECES","potentialAction":[{"@type":"SearchAction","target":{"@type":"EntryPoint","urlTemplate":"https:\/\/deltajudge.com\/fr\/?s={search_term_string}"},"query-input":{"@type":"PropertyValueSpecification","valueRequired":true,"valueName":"search_term_string"}}],"inLanguage":"fr-FR"}]}},"_links":{"self":[{"href":"https:\/\/deltajudge.com\/fr\/wp-json\/wp\/v2\/product\/7821","targetHints":{"allow":["GET"]}}],"collection":[{"href":"https:\/\/deltajudge.com\/fr\/wp-json\/wp\/v2\/product"}],"about":[{"href":"https:\/\/deltajudge.com\/fr\/wp-json\/wp\/v2\/types\/product"}],"replies":[{"embeddable":true,"href":"https:\/\/deltajudge.com\/fr\/wp-json\/wp\/v2\/comments?post=7821"}],"version-history":[{"count":1,"href":"https:\/\/deltajudge.com\/fr\/wp-json\/wp\/v2\/product\/7821\/revisions"}],"predecessor-version":[{"id":8047,"href":"https:\/\/deltajudge.com\/fr\/wp-json\/wp\/v2\/product\/7821\/revisions\/8047"}],"wp:featuredmedia":[{"embeddable":true,"href":"https:\/\/deltajudge.com\/fr\/wp-json\/wp\/v2\/media\/7542"}],"wp:attachment":[{"href":"https:\/\/deltajudge.com\/fr\/wp-json\/wp\/v2\/media?parent=7821"}],"wp:term":[{"taxonomy":"product_brand","embeddable":true,"href":"https:\/\/deltajudge.com\/fr\/wp-json\/wp\/v2\/product_brand?post=7821"},{"taxonomy":"product_cat","embeddable":true,"href":"https:\/\/deltajudge.com\/fr\/wp-json\/wp\/v2\/product_cat?post=7821"},{"taxonomy":"product_tag","embeddable":true,"href":"https:\/\/deltajudge.com\/fr\/wp-json\/wp\/v2\/product_tag?post=7821"}],"curies":[{"name":"wp","href":"https:\/\/api.w.org\/{rel}","templated":true}]}}